{"id":144,"date":"2023-10-28T11:34:23","date_gmt":"2023-10-28T09:34:23","guid":{"rendered":"https:\/\/paroisses-catholiques-ssf.com\/?page_id=144"},"modified":"2025-12-08T08:26:30","modified_gmt":"2025-12-08T07:26:30","slug":"conseil-pastoral","status":"publish","type":"page","link":"https:\/\/paroisses-catholiques-ssf.com\/index.php\/conseil-pastoral\/","title":{"rendered":"Conseil pastoral"},"content":{"rendered":"\n<h1 class=\"wp-block-heading has-text-align-center titre__page has-black-color has-text-color has-link-color wp-elements-38ae490df6f7ca5cb9bffd1e69fecb51\">Conseil pastoral<\/h1>\n\n\n\n<figure class=\"wp-block-gallery has-nested-images columns-default is-cropped wp-block-gallery-1 is-layout-flex wp-block-gallery-is-layout-flex\"><\/figure>\n\n\n\n<hr class=\"wp-block-separator has-alpha-channel-opacity\"\/>\n\n\n\n<div class=\"wp-block-columns are-vertically-aligned-top is-layout-flex wp-container-core-columns-is-layout-9d6595d7 wp-block-columns-is-layout-flex\">\n<div class=\"wp-block-column is-vertically-aligned-top colonne__VP is-layout-flow wp-block-column-is-layout-flow\">\n<h3 class=\"wp-block-heading\">QU&rsquo;EST CE QU&rsquo;UN CONSEIL PASTORAL DE PAROISSE<\/h3>\n\n\n\n<p class=\"has-text-align-left\">En cours de r\u00e9daction<\/p>\n\n\n\n<blockquote class=\"wp-block-quote is-layout-flow wp-block-quote-is-layout-flow\">\n<p><\/p>\n<\/blockquote>\n\n\n\n<h3 class=\"wp-block-heading h3_membres\">NOS MEMBRES :<\/h3>\n\n\n\n<p>En cours de r\u00e9daction<\/p>\n\n\n\n<div class=\"wp-block-columns is-layout-flex wp-container-core-columns-is-layout-9d6595d7 wp-block-columns-is-layout-flex\"><\/div>\n\n\n\n<div class=\"wp-block-columns is-layout-flex wp-container-core-columns-is-layout-9d6595d7 wp-block-columns-is-layout-flex\">\n<div class=\"wp-block-column is-layout-flow wp-block-column-is-layout-flow\"><\/div>\n\n\n\n<div class=\"wp-block-column is-layout-flow wp-block-column-is-layout-flow\"><\/div>\n\n\n\n<div class=\"wp-block-column is-layout-flow wp-block-column-is-layout-flow\"><\/div>\n<\/div>\n\n\n\n<blockquote class=\"wp-block-quote is-layout-flow wp-block-quote-is-layout-flow\">\n<p><\/p>\n<\/blockquote>\n\n\n\n<p class=\"has-text-align-right vp__link\"><a href=\"https:\/\/paroisses-catholiques-ssf.com\/index.php\/leap\/\" data-type=\"page\" data-id=\"142\">Venez aussi d\u00e9couvrir l&rsquo;EAP -&gt; <\/a><\/p>\n<\/div>\n<\/div>\n\n\n\n<div class=\"wp-block-group alignfull footer-css has-white-color has-black-background-color has-text-color has-background has-link-color wp-elements-26118817cf00e9906aac9f840beba15e is-vertical is-content-justification-stretch is-layout-flex wp-container-core-group-is-layout-47eb2bc5 wp-block-group-is-layout-flex\" style=\"min-height:40vh;margin-top:0;margin-bottom:0;padding-top:var(--wp--preset--spacing--60);padding-right:var(--wp--preset--spacing--40);padding-bottom:var(--wp--preset--spacing--60);padding-left:var(--wp--preset--spacing--40)\">\n<div class=\"wp-block-columns alignwide has-small-font-size is-layout-flex wp-container-core-columns-is-layout-9d6595d7 wp-block-columns-is-layout-flex\">\n<div class=\"wp-block-column is-vertically-aligned-center is-layout-flow wp-block-column-is-layout-flow\">\n<p class=\"has-text-align-center\">Presbyt\u00e8re catholique de Soultz-sous-For\u00eats<\/p>\n\n\n\n<p class=\"has-text-align-center\">2 rue des \u00e9coles,<br>67250 SOULTZ-SOUS-FOR\u00caTS<br>03 88 80 41 55 (sauf le lundi)&nbsp;<\/p>\n\n\n\n<p class=\"has-text-align-center\">paroisse.ssf@wanadoo.fr<\/p>\n\n\n\n<p class=\"has-text-align-center\">Permanences : Jeudi de 10h00 \u00e0 12h00 et le samedi de 10h00 \u00e0 12h00&nbsp;<\/p>\n\n\n\n<p class=\"has-text-align-center\">P\u00e8re F\u00e9lix Zannou HOUESSOU : 06 14 38 65 52 (en cas d&rsquo;urgence)&nbsp;<\/p>\n\n\n\n<p class=\"has-text-align-center\">P\u00e8re Simon KNAEBEL : 03 88 79 11 85\u00a0<\/p>\n\n\n\n<div style=\"height:24px\" aria-hidden=\"true\" class=\"wp-block-spacer\"><\/div>\n<\/div>\n\n\n\n<div class=\"wp-block-column is-layout-flow wp-block-column-is-layout-flow\">\n<p class=\"has-text-align-center\"><\/p>\n\n\n<p><iframe src=\"https:\/\/www.google.com\/maps\/embed?pb=!1m18!1m12!1m3!1d2620.800066723692!2d7.879993676792334!3d48.93824979508288!2m3!1f0!2f0!3f0!3m2!1i1024!2i768!4f13.1!3m3!1m2!1s0x4796f274b1cc3ebd%3A0x5c8a5f31a04db652!2s2%20Rue%20des%20%C3%89coles%2C%2067250%20Soultz-sous-For%C3%AAts!5e0!3m2!1sfr!2sfr!4v1698792111402!5m2!1sfr!2sfr\" width=\"600\" height=\"450\" style=\"border:0;\" allowfullscreen=\"\" loading=\"lazy\" referrerpolicy=\"no-referrer-when-downgrade\"><\/iframe><\/p>\n\n\n\n<div style=\"height:24px\" aria-hidden=\"true\" class=\"wp-block-spacer\"><\/div>\n<\/div>\n<\/div>\n<\/div>\n\n\n\n<div class=\"wp-block-columns is-layout-flex wp-container-core-columns-is-layout-9d6595d7 wp-block-columns-is-layout-flex\">\n<div class=\"wp-block-column footer__copyright is-layout-flow wp-block-column-is-layout-flow\">\n<p class=\"coopyright\">\u00a92023Communaut\u00e9 de paroisses catholiques de Soultz-sous-For\u00eats &#8211; r\u00e9alis\u00e9 par Samtmann Guillaume <\/p>\n<\/div>\n<\/div>\n","protected":false},"excerpt":{"rendered":"<p>Conseil pastoral QU&rsquo;EST CE QU&rsquo;UN CONSEIL PASTORAL DE PAROISSE En cours de r\u00e9daction NOS MEMBRES : En cours de r\u00e9daction Venez aussi d\u00e9couvrir l&rsquo;EAP -&gt; Presbyt\u00e8re catholique de Soultz-sous-For\u00eats 2 rue des \u00e9coles,67250 SOULTZ-SOUS-FOR\u00caTS03 88 80 41 55 (sauf le lundi)&nbsp; paroisse.ssf@wanadoo.fr Permanences : Jeudi de 10h00 \u00e0 12h00 et le samedi de 10h00 \u00e0 [&hellip;]<\/p>\n","protected":false},"author":1,"featured_media":0,"parent":0,"menu_order":0,"comment_status":"closed","ping_status":"closed","template":"page-template\/custom-home-page.php","meta":{"_mc_calendar":[],"footnotes":""},"class_list":["post-144","page","type-page","status-publish","hentry"],"_links":{"self":[{"href":"https:\/\/paroisses-catholiques-ssf.com\/index.php\/wp-json\/wp\/v2\/pages\/144","targetHints":{"allow":["GET"]}}],"collection":[{"href":"https:\/\/paroisses-catholiques-ssf.com\/index.php\/wp-json\/wp\/v2\/pages"}],"about":[{"href":"https:\/\/paroisses-catholiques-ssf.com\/index.php\/wp-json\/wp\/v2\/types\/page"}],"author":[{"embeddable":true,"href":"https:\/\/paroisses-catholiques-ssf.com\/index.php\/wp-json\/wp\/v2\/users\/1"}],"replies":[{"embeddable":true,"href":"https:\/\/paroisses-catholiques-ssf.com\/index.php\/wp-json\/wp\/v2\/comments?post=144"}],"version-history":[{"count":40,"href":"https:\/\/paroisses-catholiques-ssf.com\/index.php\/wp-json\/wp\/v2\/pages\/144\/revisions"}],"predecessor-version":[{"id":2975,"href":"https:\/\/paroisses-catholiques-ssf.com\/index.php\/wp-json\/wp\/v2\/pages\/144\/revisions\/2975"}],"wp:attachment":[{"href":"https:\/\/paroisses-catholiques-ssf.com\/index.php\/wp-json\/wp\/v2\/media?parent=144"}],"curies":[{"name":"wp","href":"https:\/\/api.w.org\/{rel}","templated":true}]}}