{"id":154,"date":"2023-10-28T11:38:53","date_gmt":"2023-10-28T09:38:53","guid":{"rendered":"https:\/\/paroisses-catholiques-ssf.com\/?page_id=154"},"modified":"2025-12-08T08:31:23","modified_gmt":"2025-12-08T07:31:23","slug":"le-bapteme","status":"publish","type":"page","link":"https:\/\/paroisses-catholiques-ssf.com\/index.php\/le-bapteme\/","title":{"rendered":"Le bapt\u00eame"},"content":{"rendered":"\n<div class=\"wp-block-cover accueil__banni\u00e8re\" style=\"min-height:430px;aspect-ratio:unset;\"><img loading=\"lazy\" decoding=\"async\" width=\"750\" height=\"568\" class=\"wp-block-cover__image-background wp-image-946\" alt=\"\" src=\"https:\/\/paroisses-catholiques-ssf.com\/wp-content\/uploads\/2023\/11\/bapteme.jpg\" style=\"object-position:45% 61%\" data-object-fit=\"cover\" data-object-position=\"45% 61%\" srcset=\"https:\/\/paroisses-catholiques-ssf.com\/wp-content\/uploads\/2023\/11\/bapteme.jpg 750w, https:\/\/paroisses-catholiques-ssf.com\/wp-content\/uploads\/2023\/11\/bapteme-300x227.jpg 300w\" sizes=\"auto, (max-width: 750px) 100vw, 750px\" \/><span aria-hidden=\"true\" class=\"wp-block-cover__background has-background-dim-30 has-background-dim\"><\/span><div class=\"wp-block-cover__inner-container is-layout-flow wp-block-cover-is-layout-flow\">\n<h1 class=\"wp-block-heading has-text-align-center titre__pageParoisse has-white-color has-text-color has-link-color wp-elements-86c8ddf2a61b92ed438726c50c2ac30c\">Le bapt\u00eame<\/h1>\n\n\n\n<hr class=\"wp-block-separator has-text-color has-white-color has-alpha-channel-opacity has-white-background-color has-background\"\/>\n<\/div><\/div>\n\n\n\n<div class=\"wp-block-columns is-layout-flex wp-container-core-columns-is-layout-9d6595d7 wp-block-columns-is-layout-flex\">\n<div class=\"wp-block-column col_paroisse is-layout-flow wp-block-column-is-layout-flow\">\n<h1 class=\"wp-block-heading has-text-align-center h1_soustitre_sacrement has-black-color has-text-color has-link-color wp-elements-b3ca6802ab6b1e608da59220aa702491\"><strong>Le sacrement du Bapt\u00eame<\/strong><\/h1>\n\n\n\n<div class=\"wp-block-columns is-layout-flex wp-container-core-columns-is-layout-9d6595d7 wp-block-columns-is-layout-flex\">\n<div class=\"wp-block-column paragraphe_birlenbach is-layout-flow wp-block-column-is-layout-flow\">\n<p>Pour demander le bapt\u00eame d\u2019un petit enfant, adressez vous au presbyt\u00e8re, si possible aux heures de permanence, au moins deux mois \u00e0 l\u2019avance. Les parents qui voudraient faire baptiser un enfant dans le(s) mois suivant(s) sont invit\u00e9s \u00e0 une rencontre (les parrains et marraines y sont aussi les bienvenus). Une pr\u00e9paration communautaire&nbsp;pour tous les parents demandant un bapt\u00eame dans le(s) mois suivant(s): celles-ci ont lieu chaque premier samedi du mois, \u00e0 10h au presbyt\u00e8re de&nbsp;Soultz-sous-For\u00eats&nbsp;(voir les dates de r\u00e9unions sur&nbsp;la&nbsp;<a href=\"https:\/\/paroisses-catholiques-ssf.com\/wp-content\/uploads\/2023\/10\/Fiche-paroissiale.pdf\">fiche paroissiale)<\/a><\/p>\n\n\n\n<div class=\"wp-block-columns is-layout-flex wp-container-core-columns-is-layout-9d6595d7 wp-block-columns-is-layout-flex\">\n<div class=\"wp-block-column is-vertically-aligned-center is-layout-flow wp-block-column-is-layout-flow\">\n<p>A partir de l\u2019adolescence ou \u00e0 l\u2019\u00e2ge adulte Il n\u2019est jamais trop tard de se mettre en route pour se pr\u00e9parer au bapt\u00eame et aux autres sacrements d\u2019initiation chr\u00e9tienne: n\u2019h\u00e9sitez pas \u00e0 demander une rencontre avec un pr\u00eatre pour en parler<\/p>\n<\/div>\n\n\n\n<div class=\"wp-block-column is-layout-flow wp-block-column-is-layout-flow\">\n<figure class=\"wp-block-image size-full is-resized\"><img loading=\"lazy\" decoding=\"async\" width=\"474\" height=\"400\" src=\"https:\/\/paroisses-catholiques-ssf.com\/wp-content\/uploads\/2023\/11\/illustrastionMariage.jpg\" alt=\"\" class=\"wp-image-984\" style=\"object-fit:cover;width:400px;height:400px\" srcset=\"https:\/\/paroisses-catholiques-ssf.com\/wp-content\/uploads\/2023\/11\/illustrastionMariage.jpg 474w, https:\/\/paroisses-catholiques-ssf.com\/wp-content\/uploads\/2023\/11\/illustrastionMariage-300x253.jpg 300w\" sizes=\"auto, (max-width: 474px) 100vw, 474px\" \/><\/figure>\n<\/div>\n<\/div>\n\n\n\n<p><\/p>\n<\/div>\n<\/div>\n<\/div>\n<\/div>\n\n\n\n<div class=\"wp-block-group alignfull footer-css has-white-color has-black-background-color has-text-color has-background has-link-color wp-elements-26118817cf00e9906aac9f840beba15e is-vertical is-content-justification-stretch is-layout-flex wp-container-core-group-is-layout-47eb2bc5 wp-block-group-is-layout-flex\" style=\"min-height:40vh;margin-top:0;margin-bottom:0;padding-top:var(--wp--preset--spacing--60);padding-right:var(--wp--preset--spacing--40);padding-bottom:var(--wp--preset--spacing--60);padding-left:var(--wp--preset--spacing--40)\">\n<div class=\"wp-block-columns alignwide has-small-font-size is-layout-flex wp-container-core-columns-is-layout-9d6595d7 wp-block-columns-is-layout-flex\">\n<div class=\"wp-block-column is-vertically-aligned-center is-layout-flow wp-block-column-is-layout-flow\">\n<p class=\"has-text-align-center\">Presbyt\u00e8re catholique de Soultz-sous-For\u00eats<\/p>\n\n\n\n<p class=\"has-text-align-center\">2 rue des \u00e9coles,<br>67250 SOULTZ-SOUS-FOR\u00caTS<br>03 88 80 41 55 (sauf le lundi)&nbsp;<\/p>\n\n\n\n<p class=\"has-text-align-center\">paroisse.ssf@wanadoo.fr<\/p>\n\n\n\n<p class=\"has-text-align-center\">Permanences : Jeudi de 10h00 \u00e0 12h00 et le samedi de 10h00 \u00e0 12h00&nbsp;<\/p>\n\n\n\n<p class=\"has-text-align-center\">P\u00e8re F\u00e9lix Zannou HOUESSOU : 06 14 38 65 52 (en cas d&rsquo;urgence)&nbsp;<\/p>\n\n\n\n<p class=\"has-text-align-center\">P\u00e8re Simon KNAEBEL : 03 88 79 11 85\u00a0<\/p>\n\n\n\n<div style=\"height:24px\" aria-hidden=\"true\" class=\"wp-block-spacer\"><\/div>\n<\/div>\n\n\n\n<div class=\"wp-block-column is-layout-flow wp-block-column-is-layout-flow\">\n<p class=\"has-text-align-center\"><\/p>\n\n\n<p><iframe src=\"https:\/\/www.google.com\/maps\/embed?pb=!1m18!1m12!1m3!1d2620.800066723692!2d7.879993676792334!3d48.93824979508288!2m3!1f0!2f0!3f0!3m2!1i1024!2i768!4f13.1!3m3!1m2!1s0x4796f274b1cc3ebd%3A0x5c8a5f31a04db652!2s2%20Rue%20des%20%C3%89coles%2C%2067250%20Soultz-sous-For%C3%AAts!5e0!3m2!1sfr!2sfr!4v1698792111402!5m2!1sfr!2sfr\" width=\"600\" height=\"450\" style=\"border:0;\" allowfullscreen=\"\" loading=\"lazy\" referrerpolicy=\"no-referrer-when-downgrade\"><\/iframe><\/p>\n\n\n\n<div style=\"height:24px\" aria-hidden=\"true\" class=\"wp-block-spacer\"><\/div>\n<\/div>\n<\/div>\n<\/div>\n\n\n\n<div class=\"wp-block-columns is-layout-flex wp-container-core-columns-is-layout-9d6595d7 wp-block-columns-is-layout-flex\">\n<div class=\"wp-block-column footer__copyright is-layout-flow wp-block-column-is-layout-flow\">\n<p class=\"coopyright\">\u00a92023Communaut\u00e9 de paroisses catholiques de Soultz-sous-For\u00eats&nbsp;\u2013 r\u00e9alis\u00e9 par Samtmann Guillaume<\/p>\n<\/div>\n<\/div>\n","protected":false},"excerpt":{"rendered":"<p>Le sacrement du Bapt\u00eame Pour demander le bapt\u00eame d\u2019un petit enfant, adressez vous au presbyt\u00e8re, si possible aux heures de permanence, au moins deux mois \u00e0 l\u2019avance. Les parents qui voudraient faire baptiser un enfant dans le(s) mois suivant(s) sont invit\u00e9s \u00e0 une rencontre (les parrains et marraines y sont aussi les bienvenus). Une pr\u00e9paration [&hellip;]<\/p>\n","protected":false},"author":1,"featured_media":0,"parent":0,"menu_order":0,"comment_status":"closed","ping_status":"closed","template":"page-template\/custom-home-page.php","meta":{"_mc_calendar":[],"footnotes":""},"class_list":["post-154","page","type-page","status-publish","hentry"],"_links":{"self":[{"href":"https:\/\/paroisses-catholiques-ssf.com\/index.php\/wp-json\/wp\/v2\/pages\/154","targetHints":{"allow":["GET"]}}],"collection":[{"href":"https:\/\/paroisses-catholiques-ssf.com\/index.php\/wp-json\/wp\/v2\/pages"}],"about":[{"href":"https:\/\/paroisses-catholiques-ssf.com\/index.php\/wp-json\/wp\/v2\/types\/page"}],"author":[{"embeddable":true,"href":"https:\/\/paroisses-catholiques-ssf.com\/index.php\/wp-json\/wp\/v2\/users\/1"}],"replies":[{"embeddable":true,"href":"https:\/\/paroisses-catholiques-ssf.com\/index.php\/wp-json\/wp\/v2\/comments?post=154"}],"version-history":[{"count":33,"href":"https:\/\/paroisses-catholiques-ssf.com\/index.php\/wp-json\/wp\/v2\/pages\/154\/revisions"}],"predecessor-version":[{"id":2982,"href":"https:\/\/paroisses-catholiques-ssf.com\/index.php\/wp-json\/wp\/v2\/pages\/154\/revisions\/2982"}],"wp:attachment":[{"href":"https:\/\/paroisses-catholiques-ssf.com\/index.php\/wp-json\/wp\/v2\/media?parent=154"}],"curies":[{"name":"wp","href":"https:\/\/api.w.org\/{rel}","templated":true}]}}