{"id":180,"date":"2023-10-30T06:59:40","date_gmt":"2023-10-30T05:59:40","guid":{"rendered":"https:\/\/paroisses-catholiques-ssf.com\/?page_id=180"},"modified":"2025-12-08T08:31:50","modified_gmt":"2025-12-08T07:31:50","slug":"sacrement-du-mariage","status":"publish","type":"page","link":"https:\/\/paroisses-catholiques-ssf.com\/index.php\/sacrement-du-mariage\/","title":{"rendered":"Sacrement du Mariage"},"content":{"rendered":"\n<div class=\"wp-block-cover is-light accueil__banni\u00e8re\"><img loading=\"lazy\" decoding=\"async\" width=\"700\" height=\"466\" class=\"wp-block-cover__image-background wp-image-980\" alt=\"\" src=\"https:\/\/paroisses-catholiques-ssf.com\/wp-content\/uploads\/2023\/11\/sacrementDeMariage.jpg\" data-object-fit=\"cover\" srcset=\"https:\/\/paroisses-catholiques-ssf.com\/wp-content\/uploads\/2023\/11\/sacrementDeMariage.jpg 700w, https:\/\/paroisses-catholiques-ssf.com\/wp-content\/uploads\/2023\/11\/sacrementDeMariage-300x200.jpg 300w\" sizes=\"auto, (max-width: 700px) 100vw, 700px\" \/><span aria-hidden=\"true\" class=\"wp-block-cover__background has-background-dim-30 has-background-dim\"><\/span><div class=\"wp-block-cover__inner-container is-layout-flow wp-block-cover-is-layout-flow\">\n<h1 class=\"wp-block-heading has-text-align-center titre__pageParoisse has-white-color has-text-color has-link-color wp-elements-7a7d3ccba060c8778f4cfdf96ff6b4bf\">Sacrement du Mariage<\/h1>\n\n\n\n<hr class=\"wp-block-separator has-text-color has-white-color has-alpha-channel-opacity has-white-background-color has-background\"\/>\n<\/div><\/div>\n\n\n\n<div class=\"wp-block-columns is-layout-flex wp-container-core-columns-is-layout-9d6595d7 wp-block-columns-is-layout-flex\">\n<div class=\"wp-block-column col_paroisse is-layout-flow wp-block-column-is-layout-flow\">\n<h1 class=\"wp-block-heading has-text-align-center h1_soustitre_sacrement has-black-color has-text-color has-link-color wp-elements-0a5ea0cb623f60e6e5f32482f53caad2\">Sacrement du Mariage<\/h1>\n\n\n\n<div class=\"wp-block-columns paragraphe_birlenbach is-layout-flex wp-container-core-columns-is-layout-9d6595d7 wp-block-columns-is-layout-flex\">\n<div class=\"wp-block-column paragraphe_birlenbach is-layout-flow wp-block-column-is-layout-flow\">\n<p>Afin de vous donner les moyens d\u2019un mariage solide et de garder toute votre libert\u00e9, veillez \u00e0 ne pas arr\u00eater la d\u00e9cision de vous marier et d\u2019en annoncer la date avant d\u2019avoir entrepris une pr\u00e9paration. Ne vous inqui\u00e9tez pas trop vite des choses mat\u00e9rielles&nbsp;; donnez la priorit\u00e9 \u00e0 votre pr\u00e9paration humaine et spirituelle. Elle va orienter toute votre vie et vous ne la vivrez qu&rsquo;une fois!<\/p>\n\n\n\n<div class=\"wp-block-columns is-layout-flex wp-container-core-columns-is-layout-9d6595d7 wp-block-columns-is-layout-flex\">\n<div class=\"wp-block-column is-layout-flow wp-block-column-is-layout-flow\">\n<figure class=\"wp-block-image size-full is-resized\"><img loading=\"lazy\" decoding=\"async\" width=\"474\" height=\"400\" src=\"https:\/\/paroisses-catholiques-ssf.com\/wp-content\/uploads\/2023\/11\/illustrastionMariage.jpg\" alt=\"\" class=\"wp-image-984\" style=\"object-fit:cover;width:400px;height:400px\" srcset=\"https:\/\/paroisses-catholiques-ssf.com\/wp-content\/uploads\/2023\/11\/illustrastionMariage.jpg 474w, https:\/\/paroisses-catholiques-ssf.com\/wp-content\/uploads\/2023\/11\/illustrastionMariage-300x253.jpg 300w\" sizes=\"auto, (max-width: 474px) 100vw, 474px\" \/><\/figure>\n<\/div>\n\n\n\n<div class=\"wp-block-column is-vertically-aligned-center is-layout-flow wp-block-column-is-layout-flow\">\n<p>Si vous envisagez de vous marier dans l\u2019une des paroisses de la Communaut\u00e9 de Paroisses, vous \u00eates invit\u00e9s \u00e0 vous pr\u00e9senter ou \u00e0 d\u00e9faut \u00e0 t\u00e9l\u00e9phoner au presbyt\u00e8re de Soultz-sous-For\u00eats (aux heures de permanence) au moins&nbsp;<strong>un an \u00e0 l\u2019avance<\/strong>.<\/p>\n<\/div>\n<\/div>\n\n\n\n<blockquote class=\"wp-block-quote is-layout-flow wp-block-quote-is-layout-flow\">\n<blockquote class=\"wp-block-quote is-layout-flow wp-block-quote-is-layout-flow\">\n<p><strong>La pr\u00e9paration au mariage est souvent une chance pour un nouveau d\u00e9part dans la foi.<\/strong> <strong>A l\u2019\u00e2ge adulte<\/strong>, il n\u2019est jamais trop tard de se mettre en route pour se pr\u00e9parer au bapt\u00eame ou \u00e0 d\u2019autres sacrements de l\u2019initiation chr\u00e9tienne, en particulier \u00e0 la Confirmation : n\u2019h\u00e9sitez pas \u00e0 en parler au moment de votre pr\u00e9paration au mariage.<\/p>\n<\/blockquote>\n<\/blockquote>\n<\/div>\n<\/div>\n<\/div>\n<\/div>\n\n\n\n<div class=\"wp-block-group alignfull footer-css has-white-color has-black-background-color has-text-color has-background has-link-color wp-elements-26118817cf00e9906aac9f840beba15e is-vertical is-content-justification-stretch is-layout-flex wp-container-core-group-is-layout-47eb2bc5 wp-block-group-is-layout-flex\" style=\"min-height:40vh;margin-top:0;margin-bottom:0;padding-top:var(--wp--preset--spacing--60);padding-right:var(--wp--preset--spacing--40);padding-bottom:var(--wp--preset--spacing--60);padding-left:var(--wp--preset--spacing--40)\">\n<div class=\"wp-block-columns alignwide has-small-font-size is-layout-flex wp-container-core-columns-is-layout-9d6595d7 wp-block-columns-is-layout-flex\">\n<div class=\"wp-block-column is-vertically-aligned-center is-layout-flow wp-block-column-is-layout-flow\">\n<p class=\"has-text-align-center\">Presbyt\u00e8re catholique de Soultz-sous-For\u00eats<\/p>\n\n\n\n<p class=\"has-text-align-center\">2 rue des \u00e9coles,<br>67250 SOULTZ-SOUS-FOR\u00caTS<br>03 88 80 41 55 (sauf le lundi)&nbsp;<\/p>\n\n\n\n<p class=\"has-text-align-center\">paroisse.ssf@wanadoo.fr<\/p>\n\n\n\n<p class=\"has-text-align-center\">Permanences : Jeudi de 10h00 \u00e0 12h00 et le samedi de 10h00 \u00e0 12h00&nbsp;<\/p>\n\n\n\n<p class=\"has-text-align-center\">P\u00e8re F\u00e9lix Zannou HOUESSOU : 06 14 38 65 52 (en cas d&rsquo;urgence)&nbsp;<\/p>\n\n\n\n<p class=\"has-text-align-center\">P\u00e8re Simon KNAEBEL : 03 88 79 11 85\u00a0<\/p>\n\n\n\n<div style=\"height:24px\" aria-hidden=\"true\" class=\"wp-block-spacer\"><\/div>\n<\/div>\n\n\n\n<div class=\"wp-block-column is-layout-flow wp-block-column-is-layout-flow\">\n<p class=\"has-text-align-center\"><\/p>\n\n\n<p><iframe src=\"https:\/\/www.google.com\/maps\/embed?pb=!1m18!1m12!1m3!1d2620.800066723692!2d7.879993676792334!3d48.93824979508288!2m3!1f0!2f0!3f0!3m2!1i1024!2i768!4f13.1!3m3!1m2!1s0x4796f274b1cc3ebd%3A0x5c8a5f31a04db652!2s2%20Rue%20des%20%C3%89coles%2C%2067250%20Soultz-sous-For%C3%AAts!5e0!3m2!1sfr!2sfr!4v1698792111402!5m2!1sfr!2sfr\" width=\"600\" height=\"450\" style=\"border:0;\" allowfullscreen=\"\" loading=\"lazy\" referrerpolicy=\"no-referrer-when-downgrade\"><\/iframe><\/p>\n\n\n\n<div style=\"height:24px\" aria-hidden=\"true\" class=\"wp-block-spacer\"><\/div>\n<\/div>\n<\/div>\n<\/div>\n\n\n\n<div class=\"wp-block-columns is-layout-flex wp-container-core-columns-is-layout-9d6595d7 wp-block-columns-is-layout-flex\">\n<div class=\"wp-block-column footer__copyright is-layout-flow wp-block-column-is-layout-flow\">\n<p class=\"coopyright\">\u00a92023Communaut\u00e9 de paroisses catholiques de Soultz-sous-For\u00eats&nbsp;\u2013 r\u00e9alis\u00e9 par Samtmann Guillaume<\/p>\n<\/div>\n<\/div>\n","protected":false},"excerpt":{"rendered":"<p>Sacrement du Mariage Afin de vous donner les moyens d\u2019un mariage solide et de garder toute votre libert\u00e9, veillez \u00e0 ne pas arr\u00eater la d\u00e9cision de vous marier et d\u2019en annoncer la date avant d\u2019avoir entrepris une pr\u00e9paration. Ne vous inqui\u00e9tez pas trop vite des choses mat\u00e9rielles&nbsp;; donnez la priorit\u00e9 \u00e0 votre pr\u00e9paration humaine et [&hellip;]<\/p>\n","protected":false},"author":1,"featured_media":0,"parent":0,"menu_order":0,"comment_status":"closed","ping_status":"closed","template":"page-template\/custom-home-page.php","meta":{"_mc_calendar":[],"footnotes":""},"class_list":["post-180","page","type-page","status-publish","hentry"],"_links":{"self":[{"href":"https:\/\/paroisses-catholiques-ssf.com\/index.php\/wp-json\/wp\/v2\/pages\/180","targetHints":{"allow":["GET"]}}],"collection":[{"href":"https:\/\/paroisses-catholiques-ssf.com\/index.php\/wp-json\/wp\/v2\/pages"}],"about":[{"href":"https:\/\/paroisses-catholiques-ssf.com\/index.php\/wp-json\/wp\/v2\/types\/page"}],"author":[{"embeddable":true,"href":"https:\/\/paroisses-catholiques-ssf.com\/index.php\/wp-json\/wp\/v2\/users\/1"}],"replies":[{"embeddable":true,"href":"https:\/\/paroisses-catholiques-ssf.com\/index.php\/wp-json\/wp\/v2\/comments?post=180"}],"version-history":[{"count":16,"href":"https:\/\/paroisses-catholiques-ssf.com\/index.php\/wp-json\/wp\/v2\/pages\/180\/revisions"}],"predecessor-version":[{"id":2983,"href":"https:\/\/paroisses-catholiques-ssf.com\/index.php\/wp-json\/wp\/v2\/pages\/180\/revisions\/2983"}],"wp:attachment":[{"href":"https:\/\/paroisses-catholiques-ssf.com\/index.php\/wp-json\/wp\/v2\/media?parent=180"}],"curies":[{"name":"wp","href":"https:\/\/api.w.org\/{rel}","templated":true}]}}