{"id":22,"date":"2023-10-26T06:01:31","date_gmt":"2023-10-26T04:01:31","guid":{"rendered":"https:\/\/paroisses-catholiques-ssf.com\/?page_id=22"},"modified":"2024-10-18T16:01:14","modified_gmt":"2024-10-18T14:01:14","slug":"hohwiller","status":"publish","type":"page","link":"https:\/\/paroisses-catholiques-ssf.com\/index.php\/hohwiller\/","title":{"rendered":"Hohwiller"},"content":{"rendered":"\n<div class=\"wp-block-cover bani\u00e9re-paroisse\"><span aria-hidden=\"true\" class=\"wp-block-cover__background has-background-dim-30 has-background-dim\"><\/span><img loading=\"lazy\" decoding=\"async\" width=\"500\" height=\"375\" class=\"wp-block-cover__image-background wp-image-1706\" alt=\"\" src=\"https:\/\/paroisses-catholiques-ssf.com\/wp-content\/uploads\/2023\/12\/Eglise_Hohwiller_2021.jpg\" style=\"object-position:49% 88%\" data-object-fit=\"cover\" data-object-position=\"49% 88%\" srcset=\"https:\/\/paroisses-catholiques-ssf.com\/wp-content\/uploads\/2023\/12\/Eglise_Hohwiller_2021.jpg 500w, https:\/\/paroisses-catholiques-ssf.com\/wp-content\/uploads\/2023\/12\/Eglise_Hohwiller_2021-300x225.jpg 300w\" sizes=\"auto, (max-width: 500px) 100vw, 500px\" \/><div class=\"wp-block-cover__inner-container is-layout-flow wp-block-cover-is-layout-flow\">\n<h1 class=\"wp-block-heading has-text-align-center titre__pageParoisse has-white-color has-text-color has-link-color wp-elements-30c1fed3d9cf48b7094b34e8e340db22\">Hohwiller<\/h1>\n\n\n\n<hr class=\"wp-block-separator has-text-color has-white-color has-alpha-channel-opacity has-white-background-color has-background\"\/>\n<\/div><\/div>\n\n\n\n<div class=\"wp-block-columns is-layout-flex wp-container-core-columns-is-layout-9d6595d7 wp-block-columns-is-layout-flex\">\n<div class=\"wp-block-column col_paroisse is-layout-flow wp-block-column-is-layout-flow\">\n<h1 class=\"wp-block-heading has-text-align-center has-black-color has-text-color has-link-color wp-elements-32a811c7b75e4dbdf111c336cf47236d\">Notre histoire<\/h1>\n\n\n\n<div class=\"wp-block-columns is-layout-flex wp-container-core-columns-is-layout-9d6595d7 wp-block-columns-is-layout-flex\">\n<div class=\"wp-block-column paragraphe_birlenbach is-layout-flow wp-block-column-is-layout-flow\">\n<p>&#8211; Au 8<sup>e<\/sup> si\u00e8cle, en 774, Hohwiller est cit\u00e9 pour la premi\u00e8re fois sou le nom de Hohenwilare dans les \u00e9crits de l\u2019Abbaye de Wissembourg, lors d\u2019une donation.<\/p>\n\n\n\n<p>&#8211; Un certain Burad et sa femme Otilda offrent au monast\u00e8re b\u00e9n\u00e9dictin de Wissembourg leur ville et leur biens, terres, vignes et for\u00eats qu\u2019ils poss\u00e8dent \u00e0 Hohenwilare c\u2019est-\u00e0-dire Hohwiller.<\/p>\n\n\n\n<p>&#8211; L\u2019Alsace \u00e9tait sous le St Empire germanique. Charlemagne est couronn\u00e9 Empereur en l\u2019an 800.<\/p>\n\n\n\n<p>-En 1408, implantation des Fleckenstein.<\/p>\n\n\n\n<p>-En 1491, construction de l\u2019actuel c\u0153ur gothique avec ses peintures murales. C\u2019\u00e9tait une chapelle baptismale rattach\u00e9e \u00e0 l\u2019abbaye de Surbourg.<\/p>\n\n\n\n<p>-En 1541, en face de l\u2019\u00e9glise, construction d\u2019un ch\u00e2teau par Fr\u00e9d\u00e9ric de Fleckenstein, c\u2019\u00e9tait alors un refuge pour hommes et un relais de chevaux lors des d\u00e9placements sur l\u2019autre rive du Rhin-Pay de Baden.<\/p>\n\n\n\n<p>-En 1545, les Fleckenstein adopte la R\u00e9forme, l\u2019\u00e9glise servira de culte protestant.<\/p>\n\n\n\n<p>-1618, d\u00e9but de la guerre de 30 ans. Guerre de religion entre protestants et catholiques.<\/p>\n\n\n\n<p>-1633, Hohwiller est saccag\u00e9 par les troupes imp\u00e9riales.<\/p>\n\n\n\n<p>-1648, L\u2019Alsace est rattach\u00e9e au royaume de France sous Louis XIV par les trait\u00e9s de Westphalie.<\/p>\n\n\n\n<p>-D\u00e9clin du St Empire Germanique.<\/p>\n\n\n\n<p>&#8211; L\u2019Alsace reste fran\u00e7aise jusqu\u2019en 1870<\/p>\n\n\n\n<p>-1664, d\u00e9c\u00e8s d\u2019Anne de Fleckenstein, dont la dalle fun\u00e9raire est bien lisible dans la sacristie (\u00e9pouse de Louis)<\/p>\n\n\n\n<p>-1685, un certain Louvois ordonne de payer 75 livres par an au cur\u00e9.<\/p>\n\n\n\n<p>Le simultan\u00e9um est introduit, il existe jusqu\u2019\u00e0 aujourd\u2019hui. (C\u00e9l\u00e9bration catholique et protestante dans la m\u00eame \u00e9glise)<\/p>\n\n\n\n<p>1787, Construction de la nef actuelle de l\u2019\u00e9glise d\u00e9di\u00e9e \u00e0 St Jean-Baptiste.<\/p>\n\n\n\n<p>1822, installation 1<sup>e<\/sup> cloche<\/p>\n\n\n\n<p>1838, installation 2<sup>e<\/sup> cloche<\/p>\n\n\n\n<p>1898, le c\u0153ur gotique et les peintures sont class\u00e9s aux monuments historiques.<\/p>\n\n\n\n<p>1900, Installation du premier orgue<\/p>\n\n\n\n<p>1913, projet de construction d\u2019une \u00e9glise catholique. Il y a eu un devis de 35000 Mours. Le projet a \u00e9t\u00e9 abandonn\u00e9 \u00e0 cause de la guerre 1914-1918.<\/p>\n\n\n\n<p>1917, Confiscation des cloches, elles seront fondues pour les munitions pour la guerre 1914-1918<\/p>\n\n\n\n<p>1926-1929, Installation de 2 nouvelles cloches.<\/p>\n\n\n\n<p>1982, Fusion avec Soultz-sous-For\u00eats<\/p>\n\n\n\n<p>1995, Installation d\u2019un nouvel orgue<\/p>\n\n\n\n<p>1997, la nef et le clocher sont \u00e9galement class\u00e9s monuments historiques.<\/p>\n\n\n\n<p>2008, rafraichissement des peintures murales par grattage.<\/p>\n\n\n\n<p>2011, R\u00e9fection de la nef, mise en l\u2019\u00e9tat actuel.<\/p>\n\n\n\n<p>Description des peintures du c\u0153ur gothique&nbsp;:<\/p>\n\n\n\n<p>-Elles sont ordonn\u00e9es autour du m\u00e9daillon qui repr\u00e9sente l\u2019agneau pascal.<\/p>\n\n\n\n<p>-On y trouve 3 groupes de 4 disciples.<\/p>\n\n\n\n<p>-Les anges avec les outils de tortures du Christ sur le chemin de croix<\/p>\n\n\n\n<p>-Le t\u00e9tramorphe (mot d\u2019origine grec tetra&nbsp;: 4 et morphe&nbsp;: forme)<\/p>\n\n\n\n<p>Il repr\u00e9sente les 4 \u00e9vang\u00e9listes<\/p>\n\n\n\n<p>Matthieu&nbsp;: Homme<\/p>\n\n\n\n<p>Marc&nbsp;: Lion<\/p>\n\n\n\n<p>Luc&nbsp;: Taureau<\/p>\n\n\n\n<p>Jean&nbsp;: Aigle<\/p>\n\n\n\n<p>-La pi\u00e8ce maitresse est le \u00ab&nbsp;Moulin eucharistique&nbsp;\u00bb symbole de l\u2019incarnation du Christ.<\/p>\n\n\n\n<p>-Des versets de l\u2019\u00e9criture sont introduits dans l\u2019entonnoir, les ap\u00f4tres actionnent la meule, l\u2019enfant J\u00e9sus en sort recueilli dans le calice par les 4 docteurs de l\u2019Eglise, Saint Ambroise, Saint Augustin, Saint Gr\u00e9goire et Saint J\u00e9r\u00f4me.<\/p>\n\n\n\n<p>-Puis la communion est distribu\u00e9e par le clerg\u00e9 aux fid\u00e8les.<\/p>\n\n\n\n<p>A la sortie de Hohwiller vers Hermerswiller, une partie du ban est nomm\u00e9e Nonnengarten, ce qui signifie le jardin des nonnes, c\u2019\u00e9tait un couvent de nonnes. (Pas de dates\u2026)<\/p>\n<\/div>\n<\/div>\n<\/div>\n<\/div>\n\n\n\n<p><strong>Feuille de services 2023<\/strong><\/p>\n\n\n\n<figure class=\"wp-block-table\"><table class=\"has-fixed-layout\"><tbody><tr><td><strong>Liturgie<\/strong><\/td><td><\/td><\/tr><tr><td>Fleurissement<\/td><td>Mariette PHILLIPS<\/td><\/tr><tr><td>Entretien<\/td><td>Denise RUBY<\/td><\/tr><tr><td>Sacristain<\/td><td>Anita HOLLENDER<\/td><\/tr><tr><td>Portier<\/td><td>Denise RUBY<\/td><\/tr><tr><td>Servants de messe<\/td><td><\/td><\/tr><tr><td>Chorale<\/td><td>Elysabeth MEINHARDT<\/td><\/tr><tr><td>Organiste<\/td><td>Elysabeth MEINHARDT<\/td><\/tr><tr><td>Lecteurs<\/td><td>Claudine MULLER<\/td><\/tr><tr><td>C\u00e9l\u00e9brations du mercredi<\/td><td>Dalida BENE<\/td><\/tr><tr><td><strong>Informations<\/strong><\/td><td><\/td><\/tr><tr><td>Fiche paroissiale<\/td><td>Denise RUBY<\/td><\/tr><tr><td>Accueil<\/td><td><\/td><\/tr><tr><td><strong>Conseil de fabrique<\/strong><\/td><td><\/td><\/tr><tr><td>Pr\u00e9sident<\/td><td>Pierre KOCHER<\/td><\/tr><\/tbody><\/table><\/figure>\n\n\n\n<div class=\"wp-block-group alignfull footer-css has-white-color has-black-background-color has-text-color has-background has-link-color wp-elements-ba475b0cc921fef8f0e1837d6cd4a8dc is-vertical is-content-justification-stretch is-layout-flex wp-container-core-group-is-layout-47eb2bc5 wp-block-group-is-layout-flex\" style=\"min-height:40vh;margin-top:0;margin-bottom:0;padding-top:var(--wp--preset--spacing--60);padding-right:var(--wp--preset--spacing--40);padding-bottom:var(--wp--preset--spacing--60);padding-left:var(--wp--preset--spacing--40)\">\n<div class=\"wp-block-columns alignwide has-small-font-size is-layout-flex wp-container-core-columns-is-layout-9d6595d7 wp-block-columns-is-layout-flex\">\n<div class=\"wp-block-column is-vertically-aligned-center is-layout-flow wp-block-column-is-layout-flow\">\n<p class=\"has-text-align-center\">Presbyt\u00e8re catholique de Soultz-sous-For\u00eats<\/p>\n\n\n\n<p class=\"has-text-align-center\">2 rue des \u00e9coles,<br>67250 SOULTZ-SOUS-FOR\u00caTS<br>03 88 80 41 55 (sauf le lundi)&nbsp;<\/p>\n\n\n\n<p class=\"has-text-align-center\">paroisse.ssf@wanadoo.fr<\/p>\n\n\n\n<p class=\"has-text-align-center\">Permanences : Jeudi de 10h00 \u00e0 12h00 et le samedi de 10h00 \u00e0 12h00&nbsp;<\/p>\n\n\n\n<p class=\"has-text-align-center\">P\u00e8re F\u00e9lix Zannou HOUESSOU : 06 14 38 65 52 (en cas d&rsquo;urgence)&nbsp;<\/p>\n\n\n\n<p class=\"has-text-align-center\">P\u00e8re Jules : 07 51 46 50 65 \u2013 P\u00e8re Simon KNAEBEL : 03 88 79 11 85&nbsp;<\/p>\n\n\n\n<div style=\"height:24px\" aria-hidden=\"true\" class=\"wp-block-spacer\"><\/div>\n<\/div>\n\n\n\n<div class=\"wp-block-column is-layout-flow wp-block-column-is-layout-flow\">\n<p class=\"has-text-align-center\"><\/p>\n\n\n<p><iframe src=\"https:\/\/www.google.com\/maps\/embed?pb=!1m18!1m12!1m3!1d2620.800066723692!2d7.879993676792334!3d48.93824979508288!2m3!1f0!2f0!3f0!3m2!1i1024!2i768!4f13.1!3m3!1m2!1s0x4796f274b1cc3ebd%3A0x5c8a5f31a04db652!2s2%20Rue%20des%20%C3%89coles%2C%2067250%20Soultz-sous-For%C3%AAts!5e0!3m2!1sfr!2sfr!4v1698792111402!5m2!1sfr!2sfr\" width=\"600\" height=\"450\" style=\"border:0;\" allowfullscreen=\"\" loading=\"lazy\" referrerpolicy=\"no-referrer-when-downgrade\"><\/iframe><\/p>\n\n\n\n<div style=\"height:24px\" aria-hidden=\"true\" class=\"wp-block-spacer\"><\/div>\n<\/div>\n<\/div>\n<\/div>\n\n\n\n<div class=\"wp-block-columns is-layout-flex wp-container-core-columns-is-layout-9d6595d7 wp-block-columns-is-layout-flex\">\n<div class=\"wp-block-column footer__copyright is-layout-flow wp-block-column-is-layout-flow\">\n<p class=\"coopyright\">\u00a92023Communaut\u00e9 de paroisses catholiques de Soultz-sous-For\u00eats &#8211; r\u00e9alis\u00e9 par Samtmann Guillaume <\/p>\n<\/div>\n<\/div>\n","protected":false},"excerpt":{"rendered":"<p>Notre histoire &#8211; Au 8e si\u00e8cle, en 774, Hohwiller est cit\u00e9 pour la premi\u00e8re fois sou le nom de Hohenwilare dans les \u00e9crits de l\u2019Abbaye de Wissembourg, lors d\u2019une donation. &#8211; Un certain Burad et sa femme Otilda offrent au monast\u00e8re b\u00e9n\u00e9dictin de Wissembourg leur ville et leur biens, terres, vignes et for\u00eats qu\u2019ils poss\u00e8dent [&hellip;]<\/p>\n","protected":false},"author":1,"featured_media":0,"parent":0,"menu_order":0,"comment_status":"closed","ping_status":"closed","template":"page-template\/custom-home-page.php","meta":{"_mc_calendar":[],"footnotes":""},"class_list":["post-22","page","type-page","status-publish","hentry"],"_links":{"self":[{"href":"https:\/\/paroisses-catholiques-ssf.com\/index.php\/wp-json\/wp\/v2\/pages\/22","targetHints":{"allow":["GET"]}}],"collection":[{"href":"https:\/\/paroisses-catholiques-ssf.com\/index.php\/wp-json\/wp\/v2\/pages"}],"about":[{"href":"https:\/\/paroisses-catholiques-ssf.com\/index.php\/wp-json\/wp\/v2\/types\/page"}],"author":[{"embeddable":true,"href":"https:\/\/paroisses-catholiques-ssf.com\/index.php\/wp-json\/wp\/v2\/users\/1"}],"replies":[{"embeddable":true,"href":"https:\/\/paroisses-catholiques-ssf.com\/index.php\/wp-json\/wp\/v2\/comments?post=22"}],"version-history":[{"count":18,"href":"https:\/\/paroisses-catholiques-ssf.com\/index.php\/wp-json\/wp\/v2\/pages\/22\/revisions"}],"predecessor-version":[{"id":2746,"href":"https:\/\/paroisses-catholiques-ssf.com\/index.php\/wp-json\/wp\/v2\/pages\/22\/revisions\/2746"}],"wp:attachment":[{"href":"https:\/\/paroisses-catholiques-ssf.com\/index.php\/wp-json\/wp\/v2\/media?parent=22"}],"curies":[{"name":"wp","href":"https:\/\/api.w.org\/{rel}","templated":true}]}}