{"id":2357,"date":"2025-03-06T09:50:44","date_gmt":"2025-03-06T08:50:44","guid":{"rendered":"https:\/\/paroisses-catholiques-ssf.com\/?page_id=2357"},"modified":"2026-04-02T13:58:23","modified_gmt":"2026-04-02T11:58:23","slug":"bibliotheque","status":"publish","type":"page","link":"https:\/\/paroisses-catholiques-ssf.com\/index.php\/bibliotheque\/","title":{"rendered":"Informations"},"content":{"rendered":"\n<h2 class=\"wp-block-heading has-text-align-left\"><strong><strong>Informations<\/strong><\/strong><\/h2>\n\n\n\n<div class=\"wp-block-columns is-layout-flex wp-container-core-columns-is-layout-9d6595d7 wp-block-columns-is-layout-flex\">\n<div class=\"wp-block-column is-layout-flow wp-block-column-is-layout-flow\"><div class=\"wp-block-image\">\n<figure class=\"aligncenter size-full is-resized\"><img loading=\"lazy\" decoding=\"async\" width=\"1080\" height=\"1080\" src=\"https:\/\/paroisses-catholiques-ssf.com\/wp-content\/uploads\/2026\/04\/zoom-Nos-repas-de-famille.png\" alt=\"\" class=\"wp-image-3330\" style=\"object-fit:cover;width:400px;height:350px\" srcset=\"https:\/\/paroisses-catholiques-ssf.com\/wp-content\/uploads\/2026\/04\/zoom-Nos-repas-de-famille.png 1080w, https:\/\/paroisses-catholiques-ssf.com\/wp-content\/uploads\/2026\/04\/zoom-Nos-repas-de-famille-300x300.png 300w, https:\/\/paroisses-catholiques-ssf.com\/wp-content\/uploads\/2026\/04\/zoom-Nos-repas-de-famille-1024x1024.png 1024w, https:\/\/paroisses-catholiques-ssf.com\/wp-content\/uploads\/2026\/04\/zoom-Nos-repas-de-famille-150x150.png 150w, https:\/\/paroisses-catholiques-ssf.com\/wp-content\/uploads\/2026\/04\/zoom-Nos-repas-de-famille-768x768.png 768w\" sizes=\"auto, (max-width: 1080px) 100vw, 1080px\" \/><\/figure>\n<\/div><\/div>\n\n\n\n<div class=\"wp-block-column is-vertically-aligned-center has-medium-font-size is-layout-flow wp-block-column-is-layout-flow\">\n<h2 class=\"wp-block-heading has-text-align-center has-medium-font-size\"><strong>Soir\u00e9e visio 30-50 ans : \u201cNos repas de familles\u201d<\/strong><\/h2>\n\n\n\n<p class=\"has-text-align-center\"><\/p>\n\n\n\n<div class=\"wp-block-buttons is-content-justification-center is-layout-flex wp-container-core-buttons-is-layout-16018d1d wp-block-buttons-is-layout-flex\">\n<div class=\"wp-block-button\"><a class=\"wp-block-button__link has-medium-font-size has-custom-font-size wp-element-button\" href=\"https:\/\/paroisses-catholiques-ssf.com\/index.php\/2026\/04\/02\/soiree-visio-30-50-ans-nos-repas-de-familles\/\" target=\"_blank\" rel=\"noreferrer noopener\">Lire la suite !<\/a><\/div>\n<\/div>\n<\/div>\n<\/div>\n\n\n\n<div class=\"wp-block-columns is-layout-flex wp-container-core-columns-is-layout-9d6595d7 wp-block-columns-is-layout-flex\">\n<div class=\"wp-block-column is-layout-flow wp-block-column-is-layout-flow\"><div class=\"wp-block-image\">\n<figure class=\"aligncenter size-full is-resized\"><img loading=\"lazy\" decoding=\"async\" width=\"327\" height=\"249\" src=\"https:\/\/paroisses-catholiques-ssf.com\/wp-content\/uploads\/2026\/02\/fenetre-ouverte.png\" alt=\"\" class=\"wp-image-3217\" style=\"object-fit:cover;width:400px;height:350px\" srcset=\"https:\/\/paroisses-catholiques-ssf.com\/wp-content\/uploads\/2026\/02\/fenetre-ouverte.png 327w, https:\/\/paroisses-catholiques-ssf.com\/wp-content\/uploads\/2026\/02\/fenetre-ouverte-300x228.png 300w\" sizes=\"auto, (max-width: 327px) 100vw, 327px\" \/><\/figure>\n<\/div><\/div>\n\n\n\n<div class=\"wp-block-column is-vertically-aligned-center has-medium-font-size is-layout-flow wp-block-column-is-layout-flow\">\n<h2 class=\"wp-block-heading has-text-align-center has-medium-font-size\"><strong>Un car\u00eame pour faire m\u00e9moire de notre bapt\u00eame<\/strong><\/h2>\n\n\n\n<p class=\"has-text-align-center\">Simon KNAEBEL<\/p>\n\n\n\n<div class=\"wp-block-buttons is-content-justification-center is-layout-flex wp-container-core-buttons-is-layout-16018d1d wp-block-buttons-is-layout-flex\">\n<div class=\"wp-block-button\"><a class=\"wp-block-button__link has-medium-font-size has-custom-font-size wp-element-button\" href=\"https:\/\/paroisses-catholiques-ssf.com\/wp-content\/uploads\/2026\/02\/Un-careme-pour-faire-memoire-de-notre-bapteme.pdf\" target=\"_blank\" rel=\"noreferrer noopener\">Lire la suite !<\/a><\/div>\n<\/div>\n<\/div>\n<\/div>\n\n\n\n<div class=\"wp-block-columns is-layout-flex wp-container-core-columns-is-layout-9d6595d7 wp-block-columns-is-layout-flex\">\n<div class=\"wp-block-column is-layout-flow wp-block-column-is-layout-flow\"><div class=\"wp-block-image\">\n<figure class=\"aligncenter size-full is-resized\"><img loading=\"lazy\" decoding=\"async\" width=\"500\" height=\"647\" src=\"https:\/\/paroisses-catholiques-ssf.com\/wp-content\/uploads\/2026\/02\/Heraklion_First-Oecumenical-Council_Damaskenos_20230606_111647cropped.jpg\" alt=\"\" class=\"wp-image-3223\" style=\"object-fit:cover;width:400px;height:350px\" srcset=\"https:\/\/paroisses-catholiques-ssf.com\/wp-content\/uploads\/2026\/02\/Heraklion_First-Oecumenical-Council_Damaskenos_20230606_111647cropped.jpg 500w, https:\/\/paroisses-catholiques-ssf.com\/wp-content\/uploads\/2026\/02\/Heraklion_First-Oecumenical-Council_Damaskenos_20230606_111647cropped-232x300.jpg 232w\" sizes=\"auto, (max-width: 500px) 100vw, 500px\" \/><\/figure>\n<\/div><\/div>\n\n\n\n<div class=\"wp-block-column is-vertically-aligned-center has-medium-font-size is-layout-flow wp-block-column-is-layout-flow\">\n<h2 class=\"wp-block-heading has-text-align-center has-medium-font-size\"><strong>Il y a 1700 ans le concile de Nic\u00e9e<\/strong><\/h2>\n\n\n\n<p class=\"has-text-align-center\">Simon KNAEBEL<\/p>\n\n\n\n<div class=\"wp-block-buttons is-content-justification-center is-layout-flex wp-container-core-buttons-is-layout-16018d1d wp-block-buttons-is-layout-flex\">\n<div class=\"wp-block-button\"><a class=\"wp-block-button__link has-medium-font-size has-custom-font-size wp-element-button\" href=\"https:\/\/paroisses-catholiques-ssf.com\/index.php\/2025\/12\/08\/il-y-a-1700-ans-le-concile-de-nicee\/\" target=\"_blank\" rel=\"noreferrer noopener\">Lire la suite !<\/a><\/div>\n<\/div>\n<\/div>\n<\/div>\n\n\n\n<div class=\"wp-block-columns is-layout-flex wp-container-core-columns-is-layout-9d6595d7 wp-block-columns-is-layout-flex\">\n<div class=\"wp-block-column is-layout-flow wp-block-column-is-layout-flow\"><div class=\"wp-block-image\">\n<figure class=\"aligncenter size-full is-resized\"><img loading=\"lazy\" decoding=\"async\" width=\"300\" height=\"241\" src=\"https:\/\/paroisses-catholiques-ssf.com\/wp-content\/uploads\/2025\/10\/christian-kamenisch-300x241-1.jpeg\" alt=\"\" class=\"wp-image-2902\" style=\"object-fit:cover;width:400px;height:350px\"\/><\/figure>\n<\/div><\/div>\n\n\n\n<div class=\"wp-block-column is-vertically-aligned-center has-medium-font-size is-layout-flow wp-block-column-is-layout-flow\">\n<h2 class=\"wp-block-heading has-text-align-center has-medium-font-size\"><strong>Du changement dans nos structures dioc\u00e9saines : cap sur une nouvelle dynamique !<\/strong><\/h2>\n\n\n\n<div class=\"wp-block-buttons is-content-justification-center is-layout-flex wp-container-core-buttons-is-layout-16018d1d wp-block-buttons-is-layout-flex\">\n<div class=\"wp-block-button\"><a class=\"wp-block-button__link has-medium-font-size has-custom-font-size wp-element-button\" href=\"https:\/\/paroisses-catholiques-ssf.com\/index.php\/2025\/10\/20\/nouvelle-structure-diocesaine\/\">Lire la suite !<\/a><\/div>\n<\/div>\n<\/div>\n<\/div>\n\n\n\n<div class=\"wp-block-columns is-layout-flex wp-container-core-columns-is-layout-9d6595d7 wp-block-columns-is-layout-flex\">\n<div class=\"wp-block-column is-layout-flow wp-block-column-is-layout-flow\" style=\"flex-basis:50%\"><div class=\"wp-block-image\">\n<figure class=\"aligncenter size-large is-resized\"><img loading=\"lazy\" decoding=\"async\" width=\"1024\" height=\"1012\" src=\"https:\/\/paroisses-catholiques-ssf.com\/wp-content\/uploads\/2025\/09\/IMG_20250921_1040238_benediction-des-cartables-1024x1012.jpg\" alt=\"\" class=\"wp-image-2822\" style=\"object-fit:cover;width:400px;height:350px\" srcset=\"https:\/\/paroisses-catholiques-ssf.com\/wp-content\/uploads\/2025\/09\/IMG_20250921_1040238_benediction-des-cartables-1024x1012.jpg 1024w, https:\/\/paroisses-catholiques-ssf.com\/wp-content\/uploads\/2025\/09\/IMG_20250921_1040238_benediction-des-cartables-300x297.jpg 300w, https:\/\/paroisses-catholiques-ssf.com\/wp-content\/uploads\/2025\/09\/IMG_20250921_1040238_benediction-des-cartables-768x759.jpg 768w, https:\/\/paroisses-catholiques-ssf.com\/wp-content\/uploads\/2025\/09\/IMG_20250921_1040238_benediction-des-cartables-1536x1519.jpg 1536w, https:\/\/paroisses-catholiques-ssf.com\/wp-content\/uploads\/2025\/09\/IMG_20250921_1040238_benediction-des-cartables-2048x2025.jpg 2048w\" sizes=\"auto, (max-width: 1024px) 100vw, 1024px\" \/><\/figure>\n<\/div><\/div>\n\n\n\n<div class=\"wp-block-column is-vertically-aligned-center has-medium-font-size is-layout-flow wp-block-column-is-layout-flow\">\n<h2 class=\"wp-block-heading has-text-align-center has-medium-font-size\"><strong>MESSE DE RENTREE<\/strong><\/h2>\n\n\n\n<p class=\"has-text-align-center\">           Le dimanche 21 septembre 2025<\/p>\n\n\n\n<div class=\"wp-block-buttons is-content-justification-center is-layout-flex wp-container-core-buttons-is-layout-16018d1d wp-block-buttons-is-layout-flex\">\n<div class=\"wp-block-button\"><a class=\"wp-block-button__link has-medium-font-size has-custom-font-size wp-element-button\" href=\"https:\/\/paroisses-catholiques-ssf.com\/index.php\/2025\/09\/24\/messe-de-rentree-2\/\"> Lire la suite<\/a><\/div>\n<\/div>\n<\/div>\n<\/div>\n\n\n\n<div class=\"wp-block-columns is-layout-flex wp-container-core-columns-is-layout-9d6595d7 wp-block-columns-is-layout-flex\">\n<div class=\"wp-block-column is-layout-flow wp-block-column-is-layout-flow\"><div class=\"wp-block-image\">\n<figure class=\"aligncenter size-large is-resized\"><img loading=\"lazy\" decoding=\"async\" width=\"1024\" height=\"768\" src=\"https:\/\/paroisses-catholiques-ssf.com\/wp-content\/uploads\/2025\/06\/IMG_20250619_184921-3-1024x768.jpg\" alt=\"\" class=\"wp-image-2698\" style=\"object-fit:cover;width:400px;height:350px\" srcset=\"https:\/\/paroisses-catholiques-ssf.com\/wp-content\/uploads\/2025\/06\/IMG_20250619_184921-3-1024x768.jpg 1024w, https:\/\/paroisses-catholiques-ssf.com\/wp-content\/uploads\/2025\/06\/IMG_20250619_184921-3-300x225.jpg 300w, https:\/\/paroisses-catholiques-ssf.com\/wp-content\/uploads\/2025\/06\/IMG_20250619_184921-3-768x576.jpg 768w, https:\/\/paroisses-catholiques-ssf.com\/wp-content\/uploads\/2025\/06\/IMG_20250619_184921-3-1536x1152.jpg 1536w, https:\/\/paroisses-catholiques-ssf.com\/wp-content\/uploads\/2025\/06\/IMG_20250619_184921-3-2048x1536.jpg 2048w\" sizes=\"auto, (max-width: 1024px) 100vw, 1024px\" \/><\/figure>\n<\/div><\/div>\n\n\n\n<div class=\"wp-block-column is-vertically-aligned-center has-medium-font-size is-layout-flow wp-block-column-is-layout-flow\">\n<h2 class=\"wp-block-heading has-text-align-center has-medium-font-size\"><strong>CELEBRATION D&rsquo;ACTION DE GR\u00c2CE<\/strong><\/h2>\n\n\n\n<p class=\"has-text-align-center\">pour la fin de mission de Karin Flick<\/p>\n\n\n\n<div class=\"wp-block-buttons is-content-justification-center is-layout-flex wp-container-core-buttons-is-layout-16018d1d wp-block-buttons-is-layout-flex\">\n<div class=\"wp-block-button\"><a class=\"wp-block-button__link has-medium-font-size has-custom-font-size wp-element-button\" href=\"https:\/\/paroisses-catholiques-ssf.com\/index.php\/2025\/06\/29\/celebration-daction-de-grace\/\">Lire la suite !<\/a><\/div>\n<\/div>\n<\/div>\n<\/div>\n\n\n\n<div class=\"wp-block-columns actu__2col is-layout-flex wp-container-core-columns-is-layout-9d6595d7 wp-block-columns-is-layout-flex\">\n<div class=\"wp-block-column is-layout-flow wp-block-column-is-layout-flow\"><div class=\"wp-block-image is-style-default\">\n<figure class=\"aligncenter size-large is-resized\"><img loading=\"lazy\" decoding=\"async\" width=\"724\" height=\"1024\" src=\"https:\/\/paroisses-catholiques-ssf.com\/wp-content\/uploads\/2025\/03\/affiche-jmp-A3-2025-V2-2-724x1024.jpg\" alt=\"\" class=\"wp-image-2390\" style=\"object-fit:cover;width:400px;height:350px\" srcset=\"https:\/\/paroisses-catholiques-ssf.com\/wp-content\/uploads\/2025\/03\/affiche-jmp-A3-2025-V2-2-724x1024.jpg 724w, https:\/\/paroisses-catholiques-ssf.com\/wp-content\/uploads\/2025\/03\/affiche-jmp-A3-2025-V2-2-212x300.jpg 212w, https:\/\/paroisses-catholiques-ssf.com\/wp-content\/uploads\/2025\/03\/affiche-jmp-A3-2025-V2-2-768x1086.jpg 768w, https:\/\/paroisses-catholiques-ssf.com\/wp-content\/uploads\/2025\/03\/affiche-jmp-A3-2025-V2-2.jpg 842w\" sizes=\"auto, (max-width: 724px) 100vw, 724px\" \/><\/figure>\n<\/div><\/div>\n\n\n\n<div class=\"wp-block-column is-vertically-aligned-center is-layout-flow wp-block-column-is-layout-flow\">\n<h2 class=\"wp-block-heading has-text-align-center has-medium-font-size\"><strong>LA JOURNEE MONDIALE DE PRIERE 2025<\/strong><\/h2>\n\n\n\n<p class=\"has-text-align-center\"><\/p>\n\n\n\n<div class=\"wp-block-buttons is-content-justification-center is-layout-flex wp-container-core-buttons-is-layout-16018d1d wp-block-buttons-is-layout-flex\">\n<div class=\"wp-block-button\"><a class=\"wp-block-button__link has-white-color has-text-color has-link-color wp-element-button\" href=\"https:\/\/paroisses-catholiques-ssf.com\/index.php\/2025\/05\/16\/la-journee-mondiale-de-priere\/\" target=\"_blank\" rel=\"noreferrer noopener\">Lire la suite !<\/a><\/div>\n<\/div>\n<\/div>\n<\/div>\n\n\n\n<div class=\"wp-block-columns actu__2col is-layout-flex wp-container-core-columns-is-layout-9d6595d7 wp-block-columns-is-layout-flex\">\n<div class=\"wp-block-column is-layout-flow wp-block-column-is-layout-flow\"><div class=\"wp-block-image is-style-default\">\n<figure class=\"aligncenter size-full is-resized\"><img loading=\"lazy\" decoding=\"async\" width=\"2012\" height=\"1353\" src=\"https:\/\/paroisses-catholiques-ssf.com\/wp-content\/uploads\/2025\/02\/Celebration-oecumenique-2025-2-1.jpg\" alt=\"\" class=\"wp-image-2287\" style=\"aspect-ratio:1.1428571428571428;object-fit:cover;width:400px;height:auto\" srcset=\"https:\/\/paroisses-catholiques-ssf.com\/wp-content\/uploads\/2025\/02\/Celebration-oecumenique-2025-2-1.jpg 2012w, https:\/\/paroisses-catholiques-ssf.com\/wp-content\/uploads\/2025\/02\/Celebration-oecumenique-2025-2-1-300x202.jpg 300w, https:\/\/paroisses-catholiques-ssf.com\/wp-content\/uploads\/2025\/02\/Celebration-oecumenique-2025-2-1-1024x689.jpg 1024w, https:\/\/paroisses-catholiques-ssf.com\/wp-content\/uploads\/2025\/02\/Celebration-oecumenique-2025-2-1-768x516.jpg 768w, https:\/\/paroisses-catholiques-ssf.com\/wp-content\/uploads\/2025\/02\/Celebration-oecumenique-2025-2-1-1536x1033.jpg 1536w\" sizes=\"auto, (max-width: 2012px) 100vw, 2012px\" \/><\/figure>\n<\/div><\/div>\n\n\n\n<div class=\"wp-block-column is-vertically-aligned-center is-layout-flow wp-block-column-is-layout-flow\">\n<h2 class=\"wp-block-heading has-text-align-center has-medium-font-size\"><strong>C\u00e9l\u00e9bration \u0153cum\u00e9nique \u00e0 Kutzenhausen<\/strong><\/h2>\n\n\n\n<p class=\"has-text-align-center\">19 Janvier 2025<\/p>\n\n\n\n<div class=\"wp-block-buttons is-content-justification-center is-layout-flex wp-container-core-buttons-is-layout-16018d1d wp-block-buttons-is-layout-flex\">\n<div class=\"wp-block-button\"><a class=\"wp-block-button__link has-white-color has-text-color has-link-color wp-element-button\" href=\"https:\/\/paroisses-catholiques-ssf.com\/index.php\/2025\/02\/24\/celebration-oecumenique-a-kutzenhausen\/\">Lire la suite !<\/a><\/div>\n<\/div>\n<\/div>\n<\/div>\n\n\n\n<div class=\"wp-block-columns actu__2col is-layout-flex wp-container-core-columns-is-layout-9d6595d7 wp-block-columns-is-layout-flex\">\n<div class=\"wp-block-column is-layout-flow wp-block-column-is-layout-flow\"><div class=\"wp-block-image is-style-default\">\n<figure class=\"aligncenter size-large is-resized\"><img loading=\"lazy\" decoding=\"async\" width=\"768\" height=\"1024\" src=\"https:\/\/paroisses-catholiques-ssf.com\/wp-content\/uploads\/2025\/06\/IMG_9478-768x1024.jpeg\" alt=\"\" class=\"wp-image-2650\" style=\"object-fit:cover;width:400px;height:350px\" srcset=\"https:\/\/paroisses-catholiques-ssf.com\/wp-content\/uploads\/2025\/06\/IMG_9478-768x1024.jpeg 768w, https:\/\/paroisses-catholiques-ssf.com\/wp-content\/uploads\/2025\/06\/IMG_9478-225x300.jpeg 225w, https:\/\/paroisses-catholiques-ssf.com\/wp-content\/uploads\/2025\/06\/IMG_9478-rotated.jpeg 960w\" sizes=\"auto, (max-width: 768px) 100vw, 768px\" \/><\/figure>\n<\/div><\/div>\n\n\n\n<div class=\"wp-block-column is-vertically-aligned-center is-layout-flow wp-block-column-is-layout-flow\">\n<h2 class=\"wp-block-heading has-text-align-center\"><strong>Bouge ta paroisse<\/strong><\/h2>\n\n\n\n<p class=\"has-text-align-center\">2023 \/ 2024<\/p>\n\n\n\n<div class=\"wp-block-buttons is-content-justification-center is-layout-flex wp-container-core-buttons-is-layout-16018d1d wp-block-buttons-is-layout-flex\">\n<div class=\"wp-block-button\"><a class=\"wp-block-button__link has-white-color has-text-color has-link-color wp-element-button\" href=\"https:\/\/paroisses-catholiques-ssf.com\/index.php\/2025\/06\/20\/bouge-ta-paroisse\/\" target=\"_blank\" rel=\"noreferrer noopener\">Lire la suite !<\/a><\/div>\n<\/div>\n<\/div>\n<\/div>\n\n\n\n<div class=\"wp-block-buttons is-layout-flex wp-block-buttons-is-layout-flex\"><\/div>\n","protected":false},"excerpt":{"rendered":"<p>Informations Soir\u00e9e visio 30-50 ans : \u201cNos repas de familles\u201d Un car\u00eame pour faire m\u00e9moire de notre bapt\u00eame Simon KNAEBEL Il y a 1700 ans le concile de Nic\u00e9e Simon KNAEBEL Du changement dans nos structures dioc\u00e9saines : cap sur une nouvelle dynamique ! MESSE DE RENTREE Le dimanche 21 septembre 2025 CELEBRATION D&rsquo;ACTION DE [&hellip;]<\/p>\n","protected":false},"author":1,"featured_media":0,"parent":0,"menu_order":0,"comment_status":"closed","ping_status":"closed","template":"page-template\/custom-home-page.php","meta":{"_mc_calendar":[],"footnotes":""},"class_list":["post-2357","page","type-page","status-publish","hentry"],"_links":{"self":[{"href":"https:\/\/paroisses-catholiques-ssf.com\/index.php\/wp-json\/wp\/v2\/pages\/2357","targetHints":{"allow":["GET"]}}],"collection":[{"href":"https:\/\/paroisses-catholiques-ssf.com\/index.php\/wp-json\/wp\/v2\/pages"}],"about":[{"href":"https:\/\/paroisses-catholiques-ssf.com\/index.php\/wp-json\/wp\/v2\/types\/page"}],"author":[{"embeddable":true,"href":"https:\/\/paroisses-catholiques-ssf.com\/index.php\/wp-json\/wp\/v2\/users\/1"}],"replies":[{"embeddable":true,"href":"https:\/\/paroisses-catholiques-ssf.com\/index.php\/wp-json\/wp\/v2\/comments?post=2357"}],"version-history":[{"count":49,"href":"https:\/\/paroisses-catholiques-ssf.com\/index.php\/wp-json\/wp\/v2\/pages\/2357\/revisions"}],"predecessor-version":[{"id":3331,"href":"https:\/\/paroisses-catholiques-ssf.com\/index.php\/wp-json\/wp\/v2\/pages\/2357\/revisions\/3331"}],"wp:attachment":[{"href":"https:\/\/paroisses-catholiques-ssf.com\/index.php\/wp-json\/wp\/v2\/media?parent=2357"}],"curies":[{"name":"wp","href":"https:\/\/api.w.org\/{rel}","templated":true}]}}