{"id":28,"date":"2023-10-26T06:02:25","date_gmt":"2023-10-26T04:02:25","guid":{"rendered":"https:\/\/paroisses-catholiques-ssf.com\/?page_id=28"},"modified":"2025-08-21T09:00:55","modified_gmt":"2025-08-21T07:00:55","slug":"leiterswiller","status":"publish","type":"page","link":"https:\/\/paroisses-catholiques-ssf.com\/index.php\/leiterswiller\/","title":{"rendered":"Leiterswiller"},"content":{"rendered":"\n<div class=\"wp-block-cover bani\u00e9re-paroisse\"><img loading=\"lazy\" decoding=\"async\" width=\"375\" height=\"500\" class=\"wp-block-cover__image-background wp-image-1698\" alt=\"\" src=\"https:\/\/paroisses-catholiques-ssf.com\/wp-content\/uploads\/2023\/12\/Eglise_Leiterswiller_2021-rotated.jpg\" style=\"object-position:44% 91%\" data-object-fit=\"cover\" data-object-position=\"44% 91%\" srcset=\"https:\/\/paroisses-catholiques-ssf.com\/wp-content\/uploads\/2023\/12\/Eglise_Leiterswiller_2021-rotated.jpg 375w, https:\/\/paroisses-catholiques-ssf.com\/wp-content\/uploads\/2023\/12\/Eglise_Leiterswiller_2021-225x300.jpg 225w\" sizes=\"auto, (max-width: 375px) 100vw, 375px\" \/><span aria-hidden=\"true\" class=\"wp-block-cover__background has-background-dim-30 has-background-dim\"><\/span><div class=\"wp-block-cover__inner-container is-layout-flow wp-block-cover-is-layout-flow\">\n<h1 class=\"wp-block-heading has-text-align-center titre__pageParoisse has-white-color has-text-color has-link-color wp-elements-48a7b0778c505409f73a988760dc4ca3\">Leiterswiller<\/h1>\n\n\n\n<hr class=\"wp-block-separator has-text-color has-white-color has-alpha-channel-opacity has-white-background-color has-background\"\/>\n<\/div><\/div>\n\n\n\n<div class=\"wp-block-columns col_paroisse is-layout-flex wp-container-core-columns-is-layout-9d6595d7 wp-block-columns-is-layout-flex\">\n<div class=\"wp-block-column col_paroisse is-layout-flow wp-block-column-is-layout-flow\">\n<h1 class=\"wp-block-heading has-text-align-center has-black-color has-text-color has-link-color wp-elements-32a811c7b75e4dbdf111c336cf47236d\">Notre histoire<\/h1>\n\n\n\n<div class=\"wp-block-columns is-layout-flex wp-container-core-columns-is-layout-9d6595d7 wp-block-columns-is-layout-flex\">\n<div class=\"wp-block-column paragraphe_birlenbach is-layout-flow wp-block-column-is-layout-flow\">\n<p><strong>L\u2019\u00e9glise Saint-Joseph<\/strong>. Lorsqu\u2019en 1893 l\u2019\u00e9glise simultan\u00e9e s\u2019av\u00e8re trop petite, les catholiques de Leiterswiller d\u00e9cident d\u2019\u00e9difier leur sanctuaire par leurs propres moyens. Le cur\u00e9 Andr\u00e9s, domicili\u00e9 \u00e0 Rittershoffen, con\u00e7oit le plan et l\u2019ornementation de la construction et dirige les travaux, tout en y contribuant financi\u00e8rement. Les pierres sont charri\u00e9es depuis les carri\u00e8res de Langensoultzbach avec le concours de paysans protestants disposant d\u2019attelages \u00e0 chevaux. Le tailleur de pierre habite alors au village. L\u2019\u00e9glise sera consacr\u00e9e, apr\u00e8s quatre ann\u00e9es de complications administratives, le 17 juin 1897, par Mgr Marbach, et d\u00e9di\u00e9e \u00e0 St Joseph. Les catholiques font alors don des 400 marks que la paroisse protestante leur devait au titre de la fin du simultaneum. L\u2019\u00e9difice est dot\u00e9 d\u2019un ch\u0153ur n\u00e9ogothique, d\u2019une nef \u00e0 vaisseau unique et d\u2019un clocheton surplombant l\u2019entr\u00e9e. L\u2019ancien autel en marbre, endommag\u00e9 pendant l\u2019op\u00e9ration Nordwind, en janvier 1945, a \u00e9t\u00e9 remplac\u00e9 par un autel massif en gr\u00e8s. Au-dessus du portail, dont le tympan repr\u00e9sente la Sainte Famille, l\u2019inscription \u00ab Bete und arbeite \u00bb invite \u00e0 la pri\u00e8re et au travail. Les statues des parents de Marie, Joachim et Anna, encadrent cette composition.<\/p>\n\n\n\n<p>Le carillon de l\u2019\u00e9glise se compose de deux cloches de 91 kg et 150 kg. La plus petite, baptis\u00e9e en 1900 (l\u2019autre le sera en 1924), porte l\u2019inscription : \u00ab Ich geh\u00f6re der Kirche, der Kirche des heiligen Joseph. Wenn ich la\u00fcte rufe ich euch zu den heiligen Geheimnissen. Folgt meiner Stimme. \u00bb \u00ab R\u00e9pondez \u00e0 mon appel \u00e0 c\u00e9l\u00e9brer les saints myst\u00e8res. \u00bb<\/p>\n<\/div>\n<\/div>\n<\/div>\n<\/div>\n\n\n\n<hr class=\"wp-block-separator has-alpha-channel-opacity\"\/>\n\n\n\n<p><strong>Feuille de services 2023<\/strong><\/p>\n\n\n\n<figure class=\"wp-block-table\"><table class=\"has-fixed-layout\"><tbody><tr><td><strong>Liturgie<\/strong><\/td><td><\/td><\/tr><tr><td>Fleurissement<\/td><td><\/td><\/tr><tr><td>Entretien<\/td><td><\/td><\/tr><tr><td>Sacristain<\/td><td><\/td><\/tr><tr><td>Portier<\/td><td><\/td><\/tr><tr><td>Servants de messe<\/td><td><\/td><\/tr><tr><td>Chorale<\/td><td><\/td><\/tr><tr><td>Organiste<\/td><td><\/td><\/tr><tr><td>Lecteurs<\/td><td><\/td><\/tr><tr><td>C\u00e9l\u00e9brations du mercredi<\/td><td><\/td><\/tr><tr><td><strong>Informations<\/strong><\/td><td><\/td><\/tr><tr><td>Fiche paroissiale<\/td><td><\/td><\/tr><tr><td>Accueil<\/td><td><\/td><\/tr><tr><td><strong>Conseil de fabrique<\/strong><\/td><td><\/td><\/tr><tr><td>Pr\u00e9sident<\/td><td><\/td><\/tr><\/tbody><\/table><\/figure>\n\n\n\n<div class=\"wp-block-group alignfull footer-css has-white-color has-black-background-color has-text-color has-background has-link-color wp-elements-ba475b0cc921fef8f0e1837d6cd4a8dc is-vertical is-content-justification-stretch is-layout-flex wp-container-core-group-is-layout-47eb2bc5 wp-block-group-is-layout-flex\" style=\"min-height:40vh;margin-top:0;margin-bottom:0;padding-top:var(--wp--preset--spacing--60);padding-right:var(--wp--preset--spacing--40);padding-bottom:var(--wp--preset--spacing--60);padding-left:var(--wp--preset--spacing--40)\">\n<div class=\"wp-block-columns alignwide has-small-font-size is-layout-flex wp-container-core-columns-is-layout-9d6595d7 wp-block-columns-is-layout-flex\">\n<div class=\"wp-block-column is-vertically-aligned-center is-layout-flow wp-block-column-is-layout-flow\">\n<p class=\"has-text-align-center\">Presbyt\u00e8re catholique de Soultz-sous-For\u00eats<\/p>\n\n\n\n<p class=\"has-text-align-center\">2 rue des \u00e9coles,<br>67250 SOULTZ-SOUS-FOR\u00caTS<br>03 88 80 41 55 (sauf le lundi)&nbsp;<\/p>\n\n\n\n<p class=\"has-text-align-center\">paroisse.ssf@wanadoo.fr<\/p>\n\n\n\n<p class=\"has-text-align-center\">Permanences : Jeudi de 10h00 \u00e0 12h00 et le samedi de 10h00 \u00e0 12h00&nbsp;<\/p>\n\n\n\n<p class=\"has-text-align-center\">P\u00e8re F\u00e9lix Zannou HOUESSOU : 06 14 38 65 52 (en cas d&rsquo;urgence)&nbsp;<\/p>\n\n\n\n<p class=\"has-text-align-center\">P\u00e8re Jules : 07 51 46 50 65 \u2013 P\u00e8re Simon KNAEBEL : 03 88 79 11 85&nbsp;<\/p>\n\n\n\n<div style=\"height:24px\" aria-hidden=\"true\" class=\"wp-block-spacer\"><\/div>\n<\/div>\n\n\n\n<div class=\"wp-block-column is-layout-flow wp-block-column-is-layout-flow\">\n<p class=\"has-text-align-center\"><\/p>\n\n\n<p><iframe src=\"https:\/\/www.google.com\/maps\/embed?pb=!1m18!1m12!1m3!1d2620.800066723692!2d7.879993676792334!3d48.93824979508288!2m3!1f0!2f0!3f0!3m2!1i1024!2i768!4f13.1!3m3!1m2!1s0x4796f274b1cc3ebd%3A0x5c8a5f31a04db652!2s2%20Rue%20des%20%C3%89coles%2C%2067250%20Soultz-sous-For%C3%AAts!5e0!3m2!1sfr!2sfr!4v1698792111402!5m2!1sfr!2sfr\" width=\"600\" height=\"450\" style=\"border:0;\" allowfullscreen=\"\" loading=\"lazy\" referrerpolicy=\"no-referrer-when-downgrade\"><\/iframe><\/p>\n\n\n\n<div style=\"height:24px\" aria-hidden=\"true\" class=\"wp-block-spacer\"><\/div>\n<\/div>\n<\/div>\n<\/div>\n\n\n\n<div class=\"wp-block-columns is-layout-flex wp-container-core-columns-is-layout-9d6595d7 wp-block-columns-is-layout-flex\">\n<div class=\"wp-block-column footer__copyright is-layout-flow wp-block-column-is-layout-flow\">\n<p class=\"coopyright\">\u00a92023Communaut\u00e9 de paroisses catholiques de Soultz-sous-For\u00eats &#8211; r\u00e9alis\u00e9 par Samtmann Guillaume <\/p>\n<\/div>\n<\/div>\n","protected":false},"excerpt":{"rendered":"<p>Notre histoire L\u2019\u00e9glise Saint-Joseph. Lorsqu\u2019en 1893 l\u2019\u00e9glise simultan\u00e9e s\u2019av\u00e8re trop petite, les catholiques de Leiterswiller d\u00e9cident d\u2019\u00e9difier leur sanctuaire par leurs propres moyens. Le cur\u00e9 Andr\u00e9s, domicili\u00e9 \u00e0 Rittershoffen, con\u00e7oit le plan et l\u2019ornementation de la construction et dirige les travaux, tout en y contribuant financi\u00e8rement. Les pierres sont charri\u00e9es depuis les carri\u00e8res de Langensoultzbach [&hellip;]<\/p>\n","protected":false},"author":1,"featured_media":0,"parent":0,"menu_order":0,"comment_status":"closed","ping_status":"closed","template":"page-template\/custom-home-page.php","meta":{"_mc_calendar":[],"footnotes":""},"class_list":["post-28","page","type-page","status-publish","hentry"],"_links":{"self":[{"href":"https:\/\/paroisses-catholiques-ssf.com\/index.php\/wp-json\/wp\/v2\/pages\/28","targetHints":{"allow":["GET"]}}],"collection":[{"href":"https:\/\/paroisses-catholiques-ssf.com\/index.php\/wp-json\/wp\/v2\/pages"}],"about":[{"href":"https:\/\/paroisses-catholiques-ssf.com\/index.php\/wp-json\/wp\/v2\/types\/page"}],"author":[{"embeddable":true,"href":"https:\/\/paroisses-catholiques-ssf.com\/index.php\/wp-json\/wp\/v2\/users\/1"}],"replies":[{"embeddable":true,"href":"https:\/\/paroisses-catholiques-ssf.com\/index.php\/wp-json\/wp\/v2\/comments?post=28"}],"version-history":[{"count":15,"href":"https:\/\/paroisses-catholiques-ssf.com\/index.php\/wp-json\/wp\/v2\/pages\/28\/revisions"}],"predecessor-version":[{"id":2757,"href":"https:\/\/paroisses-catholiques-ssf.com\/index.php\/wp-json\/wp\/v2\/pages\/28\/revisions\/2757"}],"wp:attachment":[{"href":"https:\/\/paroisses-catholiques-ssf.com\/index.php\/wp-json\/wp\/v2\/media?parent=28"}],"curies":[{"name":"wp","href":"https:\/\/api.w.org\/{rel}","templated":true}]}}