{"id":339,"date":"2023-10-31T06:13:40","date_gmt":"2023-10-31T05:13:40","guid":{"rendered":"https:\/\/paroisses-catholiques-ssf.com\/index.php\/my-calendar\/"},"modified":"2023-10-31T06:13:40","modified_gmt":"2023-10-31T05:13:40","slug":"my-calendar","status":"publish","type":"page","link":"https:\/\/paroisses-catholiques-ssf.com\/index.php\/my-calendar\/","title":{"rendered":"My Calendar"},"content":{"rendered":"\r\n<div id='my-calendar' class='mc-main mcjs listjs gridjs minijs ajaxjs mc_custom_mc_custom_twentytwentytwo list month my-calendar is-main-view' ><h2 id=\"mc_head_my-calendar\" class=\"heading my-calendar-month\"><span>\u00c9v\u00e8nements en avril 2026<\/span><\/h2>\n\n<nav class=\"my-calendar-navigation\" aria-label=\"Calendrier (Haut)\">\n<div class=\"my-calendar-header\"><div class='mc-time'><ul><li><a rel='nofollow' id='mc_month-my-calendar'  href='https:\/\/paroisses-catholiques-ssf.com\/index.php\/my-calendar\/?time=month&#038;cid=my-calendar' class='month mc-active' aria-pressed='true'>Mois<\/a><\/li><li><a rel='nofollow' id='mc_week-my-calendar'  href='https:\/\/paroisses-catholiques-ssf.com\/index.php\/my-calendar\/?time=week&#038;dy=13&#038;month=4&#038;yr=2026&#038;cid=my-calendar' class='week'>Semaine<\/a><\/li><li><a rel='nofollow' id='mc_day-my-calendar'  href='https:\/\/paroisses-catholiques-ssf.com\/index.php\/my-calendar\/?time=day&#038;dy=13&#038;cid=my-calendar' class='day'>Jour<\/a><li><\/ul><\/div><div class=\"my-calendar-date-switcher\"><form class=\"mc-date-switcher\" action=\"https:\/\/paroisses-catholiques-ssf.com\/index.php\/wp-json\/wp\/v2\/pages\/339\/\" method=\"get\"><div><input type=\"hidden\" name=\"cid\" value=\"my-calendar\" \/> <label class=\"maybe-hide\" for=\"my-calendar-month\">Mois<\/label> <select id=\"my-calendar-month\" name=\"month\">\n<option value='1'>janvier<\/option>\n<option value='2'>f\u00e9vrier<\/option>\n<option value='3'>mars<\/option>\n<option value='4' selected='selected'>avril<\/option>\n<option value='5'>mai<\/option>\n<option value='6'>juin<\/option>\n<option value='7'>juillet<\/option>\n<option value='8'>ao\u00fbt<\/option>\n<option value='9'>septembre<\/option>\n<option value='10'>octobre<\/option>\n<option value='11'>novembre<\/option>\n<option value='12'>d\u00e9cembre<\/option>\n<\/select>\n <label class=\"maybe-hide\" for=\"my-calendar-year\">Ann\u00e9e<\/label> <select id=\"my-calendar-year\" name=\"yr\">\n<option value=\"2023\">2023<\/option>\n<option value=\"2024\">2024<\/option>\n<option value=\"2025\">2025<\/option>\n<option value=\"2026\" selected='selected'>2026<\/option>\n<\/select> <input type=\"submit\" class=\"button\" data-href=\"https:\/\/paroisses-catholiques-ssf.com\/index.php\/wp-json\/wp\/v2\/pages\/339\/\" value=\"Aller\" \/><\/div><\/form><\/div>\r\n\t\t<div class=\"my-calendar-nav\">\r\n\t\t\t<ul>\r\n\t\t\t\t<li class=\"my-calendar-prev\"><a id=\"mc_previous_my-calendar\" href=\"https:\/\/paroisses-catholiques-ssf.com\/index.php\/my-calendar\/?yr=2026&#038;month=3&#038;dy&#038;cid=my-calendar&#038;time=month\" rel=\"nofollow\"><span class=\"mc-icon\" aria-hidden=\"true\"><\/span><span class=\"maybe-hide\">Pr\u00e9c\u00e9dent <\/span><\/a><\/li><li class=\"my-calendar-today\"><a id=\"mc_today_my-calendar\" href=\"https:\/\/paroisses-catholiques-ssf.com\/index.php\/my-calendar\/?cid=my-calendar\" rel=\"nofollow\" class=\"today mc-active\" aria-current=\"true\"><span class=\"mc-icon\" aria-hidden=\"true\"><\/span>Aujourd\u2019hui<\/a><\/li>\r\n\t\t\t<\/ul>\r\n\t\t<\/div><\/div>\n<\/nav>\n<div class=\"mc-content\"><ul id='list-my-calendar' class='mc-list'><li class='mc-events no-events'>Il n\u2019y a aucun \u00e9v\u00e8nement pr\u00e9vu pour cette p\u00e9riode.<\/li>\n<\/ul><\/div><!-- .mc-content -->\n<nav class=\"my-calendar-navigation\" aria-label=\"Calendrier (Bas)\">\n<div class=\"mc_bottomnav my-calendar-footer\"><div class=\"category-key has-icons\"><h3 class=\"maybe-hide\">Cat\u00e9gories<\/h3>\n<ul>\n<li class=\"cat_general\"><a id=\"mc_cat_1-my-calendar\" href=\"https:\/\/paroisses-catholiques-ssf.com\/index.php\/my-calendar\/?mcat=1\"  rel=\"nofollow\"><span class=\"category-color-sample svg\" style=\"background:#f5ede1;\"><svg style=\"fill:#000000\" focusable=\"false\" role=\"img\" aria-labelledby=\"cat_1\" class=\"category-icon\" xmlns=\"http:\/\/www.w3.org\/2000\/svg\" viewBox=\"0 0 448 512\"><!-- Font Awesome Free 5.15.3 by @fontawesome - https:\/\/fontawesome.com License - https:\/\/fontawesome.com\/license\/free (Icons: CC BY 4.0, Fonts: SIL OFL 1.1, Code: MIT License) --><title id='cat_1'>General<\/title><path d=\"M12 192h424c6.6 0 12 5.4 12 12v260c0 26.5-21.5 48-48 48H48c-26.5 0-48-21.5-48-48V204c0-6.6 5.4-12 12-12zm436-44v-36c0-26.5-21.5-48-48-48h-48V12c0-6.6-5.4-12-12-12h-40c-6.6 0-12 5.4-12 12v52H160V12c0-6.6-5.4-12-12-12h-40c-6.6 0-12 5.4-12 12v52H48C21.5 64 0 85.5 0 112v36c0 6.6 5.4 12 12 12h424c6.6 0 12-5.4 12-12z\"\/><\/svg><\/span>General<\/a><\/li><li class='all-categories'><span class='mc-active' id='mc_cat_all-my-calendar' tabindex='-1'>Toutes les cat\u00e9gories<\/span><\/li><\/ul><\/div><div class='mc-print'><a id='mc_print-my-calendar' href='https:\/\/paroisses-catholiques-ssf.com?time=month&#038;yr=2026&#038;month=4&#038;dy=1&#038;href=https%3A%2F%2Fparoisses-catholiques-ssf.com%2Findex.php%2Fwp-json%2Fwp%2Fv2%2Fpages%2F339%2F&#038;format=list&#038;cid=mc-print-view' rel='nofollow'><span class='mc-icon' aria-hidden='true'><\/span><span class=\"maybe-hide\">Vue<\/span> impression<\/a><\/div><\/div>\n<\/nav>\n\r\n<\/div><!-- Close Main My Calendar Wrapper -->\n","protected":false},"excerpt":{"rendered":"","protected":false},"author":1,"featured_media":0,"parent":0,"menu_order":0,"comment_status":"closed","ping_status":"closed","template":"","meta":{"_mc_calendar":[],"footnotes":""},"class_list":["post-339","page","type-page","status-publish","hentry"],"_links":{"self":[{"href":"https:\/\/paroisses-catholiques-ssf.com\/index.php\/wp-json\/wp\/v2\/pages\/339","targetHints":{"allow":["GET"]}}],"collection":[{"href":"https:\/\/paroisses-catholiques-ssf.com\/index.php\/wp-json\/wp\/v2\/pages"}],"about":[{"href":"https:\/\/paroisses-catholiques-ssf.com\/index.php\/wp-json\/wp\/v2\/types\/page"}],"author":[{"embeddable":true,"href":"https:\/\/paroisses-catholiques-ssf.com\/index.php\/wp-json\/wp\/v2\/users\/1"}],"replies":[{"embeddable":true,"href":"https:\/\/paroisses-catholiques-ssf.com\/index.php\/wp-json\/wp\/v2\/comments?post=339"}],"version-history":[{"count":1,"href":"https:\/\/paroisses-catholiques-ssf.com\/index.php\/wp-json\/wp\/v2\/pages\/339\/revisions"}],"predecessor-version":[{"id":340,"href":"https:\/\/paroisses-catholiques-ssf.com\/index.php\/wp-json\/wp\/v2\/pages\/339\/revisions\/340"}],"wp:attachment":[{"href":"https:\/\/paroisses-catholiques-ssf.com\/index.php\/wp-json\/wp\/v2\/media?parent=339"}],"curies":[{"name":"wp","href":"https:\/\/api.w.org\/{rel}","templated":true}]}}