{"id":36,"date":"2023-10-26T06:03:21","date_gmt":"2023-10-26T04:03:21","guid":{"rendered":"https:\/\/paroisses-catholiques-ssf.com\/?page_id=36"},"modified":"2025-08-21T09:25:32","modified_gmt":"2025-08-21T07:25:32","slug":"merkwiller","status":"publish","type":"page","link":"https:\/\/paroisses-catholiques-ssf.com\/index.php\/merkwiller\/","title":{"rendered":"Merkwiller"},"content":{"rendered":"\n<div class=\"wp-block-cover bani\u00e9re-paroisse\"><img loading=\"lazy\" decoding=\"async\" width=\"567\" height=\"755\" class=\"wp-block-cover__image-background wp-image-801\" alt=\"\" src=\"https:\/\/paroisses-catholiques-ssf.com\/wp-content\/uploads\/2023\/11\/Eglise_Merkwiller_2020.jpg\" style=\"object-position:51% 60%\" data-object-fit=\"cover\" data-object-position=\"51% 60%\" srcset=\"https:\/\/paroisses-catholiques-ssf.com\/wp-content\/uploads\/2023\/11\/Eglise_Merkwiller_2020.jpg 567w, https:\/\/paroisses-catholiques-ssf.com\/wp-content\/uploads\/2023\/11\/Eglise_Merkwiller_2020-225x300.jpg 225w\" sizes=\"auto, (max-width: 567px) 100vw, 567px\" \/><span aria-hidden=\"true\" class=\"wp-block-cover__background has-background-dim-30 has-background-dim\"><\/span><div class=\"wp-block-cover__inner-container is-layout-flow wp-block-cover-is-layout-flow\">\n<h1 class=\"wp-block-heading has-text-align-center titre__pageParoisse has-white-color has-text-color has-link-color wp-elements-12816b90d5589b7d60ee9bc21b7ff265\">Merkwiller<\/h1>\n\n\n\n<hr class=\"wp-block-separator has-text-color has-white-color has-alpha-channel-opacity has-white-background-color has-background\"\/>\n<\/div><\/div>\n\n\n\n<div class=\"wp-block-columns is-layout-flex wp-container-core-columns-is-layout-9d6595d7 wp-block-columns-is-layout-flex\">\n<div class=\"wp-block-column col_paroisse is-layout-flow wp-block-column-is-layout-flow\">\n<h1 class=\"wp-block-heading has-text-align-center has-black-color has-text-color has-link-color wp-elements-32a811c7b75e4dbdf111c336cf47236d\">Notre histoire<\/h1>\n\n\n\n<div class=\"wp-block-columns is-layout-flex wp-container-core-columns-is-layout-9d6595d7 wp-block-columns-is-layout-flex\">\n<div class=\"wp-block-column paragraphe_birlenbach is-layout-flow wp-block-column-is-layout-flow\">\n<p>Eglise Sainte Barbe. L&rsquo;\u00e9glise de Merkwiller Pechelbronn est de construction assez&nbsp;r\u00e9cente, puisqu&rsquo;elle date seulement de 1927. La construction&nbsp;fut d\u00e9cid\u00e9e lors de l&rsquo;extension des mines et usines de Pechelbronn dans les ann\u00e9es 20 alors que la r\u00e9gion Nord&nbsp;Alsace&nbsp;\u00e9tait particuli\u00e8rement florissante. La soci\u00e9t\u00e9&nbsp;p\u00e9troli\u00e8re employait alors jusqu&rsquo;\u00e0&nbsp;2800 personnes et la main-d&rsquo;\u0153uvre&nbsp;affluait de nombreuses contr\u00e9es. C&rsquo;est ainsi que le village de Merkwiller, qui jusqu&rsquo;au d\u00e9but du si\u00e8cle&nbsp;\u00e9tait enti\u00e8rement&nbsp;protestant, eut un apport consid\u00e9rable de familles catholiques.<\/p>\n\n\n\n<p>Ces nouveaux r\u00e9sidents&nbsp;\u00e9taient rattach\u00e9s&nbsp;\u00e0&nbsp;la paroisse de Kutzenhausen. Comme&nbsp;\u00e0&nbsp;cette&nbsp;\u00e9poque les moyens de&nbsp;communication&nbsp;\u00e9taient assez limit\u00e9s, la communaut\u00e9&nbsp;et le&nbsp;clerg\u00e9&nbsp;d\u00e9cid\u00e8rent de construire une&nbsp;\u00e9glise&nbsp;\u00e0&nbsp;Merkwiller. Le financement fut assur\u00e9&nbsp;par les subventions de l&rsquo;Etat, de la&nbsp;commune de Merkwiller, de l&rsquo;\u00e9v\u00each\u00e9&nbsp;et de la soci\u00e9t\u00e9&nbsp;de Pechelbronn. Mais la plus grande partie des fonds fut collect\u00e9e&nbsp;par les paroissiens travaillant&nbsp;\u00e0&nbsp;l&rsquo;usine de Pechelbronn. Ainsi, pendant des mois, dimanche apr\u00e8s dimanche, les qu\u00eateurs volontaires faisaient leurs tourn\u00e9es&nbsp;\u00e0&nbsp;travers le pays&nbsp;pour ramasser les sommes n\u00e9cessaires&nbsp;\u00e0&nbsp;la construction de&nbsp;leur&nbsp;\u00e9glise. L&rsquo;inauguration eut lieu en septembre 1928. La chapelle,&nbsp;maintenant annexe de la paroisse de Kutzenhausen, fut&nbsp;d\u00e9di\u00e9e&nbsp;\u00e0&nbsp;Sainte Barbe,&nbsp;patronne des mineurs.<\/p>\n<\/div>\n<\/div>\n<\/div>\n<\/div>\n\n\n\n<hr class=\"wp-block-separator has-alpha-channel-opacity\"\/>\n\n\n\n<p><strong>Feuille de services 2023<\/strong><\/p>\n\n\n\n<figure class=\"wp-block-table\"><table class=\"has-fixed-layout\"><tbody><tr><td><strong>Liturgie<\/strong><\/td><td><\/td><\/tr><tr><td>Fleurissement<\/td><td>Jeanne SCHWARZEN-BERGER \/ Marie-Odile BALL<\/td><\/tr><tr><td>Entretien<\/td><td>Jeanne SCHWARZEN-BERGER \/ Marie-Odile BALL<\/td><\/tr><tr><td>Sacristain<\/td><td><\/td><\/tr><tr><td>Portier<\/td><td><\/td><\/tr><tr><td>Servants de messe<\/td><td><\/td><\/tr><tr><td>Chorale<\/td><td>Marie-France AMRHEIN<\/td><\/tr><tr><td>Organiste<\/td><td>Aude ESCHENBRENNER<\/td><\/tr><tr><td>Lecteurs<\/td><td>Marie-Odile BALL \/ Denise BURG \/ Marie-Odile WINTER<\/td><\/tr><tr><td>C\u00e9l\u00e9brations du mercredi<\/td><td>Dalida BENE<\/td><\/tr><tr><td><strong>Informations<\/strong><\/td><td><\/td><\/tr><tr><td>Fiche paroissiale<\/td><td><\/td><\/tr><tr><td>Accueil<\/td><td><\/td><\/tr><tr><td><strong>Conseil de fabrique<\/strong><\/td><td><\/td><\/tr><tr><td>Pr\u00e9sident<\/td><td>Lucien RUBENTHALER<\/td><\/tr><\/tbody><\/table><\/figure>\n\n\n\n<div class=\"wp-block-group alignfull footer-css has-white-color has-black-background-color has-text-color has-background has-link-color wp-elements-ba475b0cc921fef8f0e1837d6cd4a8dc is-vertical is-content-justification-stretch is-layout-flex wp-container-core-group-is-layout-47eb2bc5 wp-block-group-is-layout-flex\" style=\"min-height:40vh;margin-top:0;margin-bottom:0;padding-top:var(--wp--preset--spacing--60);padding-right:var(--wp--preset--spacing--40);padding-bottom:var(--wp--preset--spacing--60);padding-left:var(--wp--preset--spacing--40)\">\n<div class=\"wp-block-columns alignwide has-small-font-size is-layout-flex wp-container-core-columns-is-layout-9d6595d7 wp-block-columns-is-layout-flex\">\n<div class=\"wp-block-column is-vertically-aligned-center is-layout-flow wp-block-column-is-layout-flow\">\n<p class=\"has-text-align-center\">Presbyt\u00e8re catholique de Soultz-sous-For\u00eats<\/p>\n\n\n\n<p class=\"has-text-align-center\">2 rue des \u00e9coles,<br>67250 SOULTZ-SOUS-FOR\u00caTS<br>03 88 80 41 55 (sauf le lundi)&nbsp;<\/p>\n\n\n\n<p class=\"has-text-align-center\">paroisse.ssf@wanadoo.fr<\/p>\n\n\n\n<p class=\"has-text-align-center\">Permanences : Jeudi de 10h00 \u00e0 12h00 et le samedi de 10h00 \u00e0 12h00&nbsp;<\/p>\n\n\n\n<p class=\"has-text-align-center\">P\u00e8re F\u00e9lix Zannou HOUESSOU : 06 14 38 65 52 (en cas d&rsquo;urgence)&nbsp;<\/p>\n\n\n\n<p class=\"has-text-align-center\">P\u00e8re Jules : 07 51 46 50 65 \u2013 P\u00e8re Simon KNAEBEL : 03 88 79 11 85&nbsp;<\/p>\n\n\n\n<div style=\"height:24px\" aria-hidden=\"true\" class=\"wp-block-spacer\"><\/div>\n<\/div>\n\n\n\n<div class=\"wp-block-column is-layout-flow wp-block-column-is-layout-flow\">\n<p class=\"has-text-align-center\"><\/p>\n\n\n<p><iframe src=\"https:\/\/www.google.com\/maps\/embed?pb=!1m18!1m12!1m3!1d2620.800066723692!2d7.879993676792334!3d48.93824979508288!2m3!1f0!2f0!3f0!3m2!1i1024!2i768!4f13.1!3m3!1m2!1s0x4796f274b1cc3ebd%3A0x5c8a5f31a04db652!2s2%20Rue%20des%20%C3%89coles%2C%2067250%20Soultz-sous-For%C3%AAts!5e0!3m2!1sfr!2sfr!4v1698792111402!5m2!1sfr!2sfr\" width=\"600\" height=\"450\" style=\"border:0;\" allowfullscreen=\"\" loading=\"lazy\" referrerpolicy=\"no-referrer-when-downgrade\"><\/iframe><\/p>\n\n\n\n<div style=\"height:24px\" aria-hidden=\"true\" class=\"wp-block-spacer\"><\/div>\n<\/div>\n<\/div>\n<\/div>\n\n\n\n<div class=\"wp-block-columns is-layout-flex wp-container-core-columns-is-layout-9d6595d7 wp-block-columns-is-layout-flex\">\n<div class=\"wp-block-column footer__copyright is-layout-flow wp-block-column-is-layout-flow\">\n<p class=\"coopyright\">\u00a92023Communaut\u00e9 de paroisses catholiques de Soultz-sous-For\u00eats &#8211; r\u00e9alis\u00e9 par Samtmann Guillaume <\/p>\n<\/div>\n<\/div>\n","protected":false},"excerpt":{"rendered":"<p>Notre histoire Eglise Sainte Barbe. L&rsquo;\u00e9glise de Merkwiller Pechelbronn est de construction assez&nbsp;r\u00e9cente, puisqu&rsquo;elle date seulement de 1927. La construction&nbsp;fut d\u00e9cid\u00e9e lors de l&rsquo;extension des mines et usines de Pechelbronn dans les ann\u00e9es 20 alors que la r\u00e9gion Nord&nbsp;Alsace&nbsp;\u00e9tait particuli\u00e8rement florissante. La soci\u00e9t\u00e9&nbsp;p\u00e9troli\u00e8re employait alors jusqu&rsquo;\u00e0&nbsp;2800 personnes et la main-d&rsquo;\u0153uvre&nbsp;affluait de nombreuses contr\u00e9es. C&rsquo;est ainsi [&hellip;]<\/p>\n","protected":false},"author":1,"featured_media":0,"parent":0,"menu_order":0,"comment_status":"closed","ping_status":"closed","template":"page-template\/custom-home-page.php","meta":{"_mc_calendar":[],"footnotes":""},"class_list":["post-36","page","type-page","status-publish","hentry"],"_links":{"self":[{"href":"https:\/\/paroisses-catholiques-ssf.com\/index.php\/wp-json\/wp\/v2\/pages\/36","targetHints":{"allow":["GET"]}}],"collection":[{"href":"https:\/\/paroisses-catholiques-ssf.com\/index.php\/wp-json\/wp\/v2\/pages"}],"about":[{"href":"https:\/\/paroisses-catholiques-ssf.com\/index.php\/wp-json\/wp\/v2\/types\/page"}],"author":[{"embeddable":true,"href":"https:\/\/paroisses-catholiques-ssf.com\/index.php\/wp-json\/wp\/v2\/users\/1"}],"replies":[{"embeddable":true,"href":"https:\/\/paroisses-catholiques-ssf.com\/index.php\/wp-json\/wp\/v2\/comments?post=36"}],"version-history":[{"count":14,"href":"https:\/\/paroisses-catholiques-ssf.com\/index.php\/wp-json\/wp\/v2\/pages\/36\/revisions"}],"predecessor-version":[{"id":2777,"href":"https:\/\/paroisses-catholiques-ssf.com\/index.php\/wp-json\/wp\/v2\/pages\/36\/revisions\/2777"}],"wp:attachment":[{"href":"https:\/\/paroisses-catholiques-ssf.com\/index.php\/wp-json\/wp\/v2\/media?parent=36"}],"curies":[{"name":"wp","href":"https:\/\/api.w.org\/{rel}","templated":true}]}}