{"id":38,"date":"2023-10-26T06:03:42","date_gmt":"2023-10-26T04:03:42","guid":{"rendered":"https:\/\/paroisses-catholiques-ssf.com\/?page_id=38"},"modified":"2025-08-21T09:13:12","modified_gmt":"2025-08-21T07:13:12","slug":"oberkutzenhausen","status":"publish","type":"page","link":"https:\/\/paroisses-catholiques-ssf.com\/index.php\/oberkutzenhausen\/","title":{"rendered":"Oberkutzenhausen"},"content":{"rendered":"\n<div class=\"wp-block-cover is-light bani\u00e9re-paroisse\"><img loading=\"lazy\" decoding=\"async\" width=\"1024\" height=\"769\" class=\"wp-block-cover__image-background wp-image-2768 size-large\" alt=\"\" src=\"https:\/\/paroisses-catholiques-ssf.com\/wp-content\/uploads\/2025\/08\/IMG_20231118_110949-1024x769.jpg\" data-object-fit=\"cover\" srcset=\"https:\/\/paroisses-catholiques-ssf.com\/wp-content\/uploads\/2025\/08\/IMG_20231118_110949-1024x769.jpg 1024w, https:\/\/paroisses-catholiques-ssf.com\/wp-content\/uploads\/2025\/08\/IMG_20231118_110949-300x225.jpg 300w, https:\/\/paroisses-catholiques-ssf.com\/wp-content\/uploads\/2025\/08\/IMG_20231118_110949-768x577.jpg 768w, https:\/\/paroisses-catholiques-ssf.com\/wp-content\/uploads\/2025\/08\/IMG_20231118_110949-1536x1153.jpg 1536w, https:\/\/paroisses-catholiques-ssf.com\/wp-content\/uploads\/2025\/08\/IMG_20231118_110949-2048x1538.jpg 2048w\" sizes=\"auto, (max-width: 1024px) 100vw, 1024px\" \/><span aria-hidden=\"true\" class=\"wp-block-cover__background has-background-dim-30 has-background-dim\" style=\"background-color:#8b8b88\"><\/span><div class=\"wp-block-cover__inner-container is-layout-flow wp-block-cover-is-layout-flow\">\n<h1 class=\"wp-block-heading has-text-align-center titre__pageParoisse has-white-color has-text-color has-link-color wp-elements-0c1b2ef9c7a442586e4bbe282b624c32\">Oberkutzenhausen<\/h1>\n\n\n\n<hr class=\"wp-block-separator has-text-color has-white-color has-alpha-channel-opacity has-white-background-color has-background\"\/>\n<\/div><\/div>\n\n\n\n<div class=\"wp-block-columns is-layout-flex wp-container-core-columns-is-layout-9d6595d7 wp-block-columns-is-layout-flex\">\n<div class=\"wp-block-column col_paroisse is-layout-flow wp-block-column-is-layout-flow\">\n<h1 class=\"wp-block-heading has-text-align-center has-black-color has-text-color has-link-color wp-elements-32a811c7b75e4dbdf111c336cf47236d\">Notre histoire<\/h1>\n\n\n\n<div class=\"wp-block-columns is-layout-flex wp-container-core-columns-is-layout-9d6595d7 wp-block-columns-is-layout-flex\">\n<div class=\"wp-block-column paragraphe_birlenbach is-layout-flow wp-block-column-is-layout-flow\">\n<p>La chapelle Notre-Dame de la Paix<strong>,<\/strong> Il y a longtemps, bien avant la r\u00e9volution, se dressait \u00e0 Kutzenhausen une petite chapelle votive d\u00e9di\u00e9e \u00e0 Notre-Dame de la Paix et \u00e0 l\u2019Immacul\u00e9e Conception. Elle se trouvait&nbsp;\u00bb\u00e0 gauche du pont en pierre, entre Kutzenhausen et Feldbach&nbsp;\u00bb. Cette chapelle a \u00e9t\u00e9 restaur\u00e9e en 1784 et b\u00e9nie le 16 mai de la m\u00eame ann\u00e9e. Par le cur\u00e9 de la paroisse Rauch. Une premi\u00e8re messe y a \u00e9t\u00e9 dite le 30 juillet 1785 par le cur\u00e9 Mehl et le 13 novembre, une petite cloche y a \u00e9t\u00e9 install\u00e9e.<\/p>\n\n\n\n<p>En 1792, la chapelle a \u00e9t\u00e9 enti\u00e8rement d\u00e9truite par les r\u00e9volutionnaires, la cloche a disparu. Cependant la statue de la vierge a \u00e9t\u00e9 vraisemblablement sauv\u00e9e et cach\u00e9e par un habitant du village. En effet, sous le toit du presbyt\u00e8re, on a trouv\u00e9 plus tard une ancienne statue de la vierge portant trois dates de restauration&nbsp;: 1750 -1791- 1860. D\u2019apr\u00e8s les experts en art religieux contact\u00e9s par le cur\u00e9 de l\u2019\u00e9poque, la statue qui date du d\u00e9but du XVIII\u00e8me si\u00e8cle est un objet de valeur. Elle pourrait donc trouver sa place dans une nouvelle chapelle. En cette ann\u00e9e 1938, des rumeurs de guerre se font de plus en plus pr\u00e9cises. L&rsquo;inqui\u00e9tude grandit, l\u2019id\u00e9e de construire une chapelle aussi. Le cur\u00e9, le conseil de fabrique et toute la population catholique d\u00e9cident ensemble sa construction. La nouvelle chapelle permettrait aux personnes \u00e2g\u00e9es ou malades d\u2019Oberkutzenhausen qui ne sont pas en mesure de se d\u00e9placer \u00e0 l\u2019\u00e9glise paroissiale de Kutzenhausen d\u2019assister plusieurs fois \u00e0 la messe durant l\u2019ann\u00e9e.<\/p>\n\n\n\n<p>On a choisi les plans de l\u2019architecte Muller de Colmar. Le couple Jean-Baptiste Batt-Hauswirth c\u00e8de le terrain gratuitement. La chapelle ne doit jamais remplacer l\u2019\u00e9glise paroissiale et c\u2019est le cur\u00e9 de la paroisse qui d\u00e9cide des messes. En juin 1939, le cur\u00e9 Andr\u00e9 Merg \u00e9crit dans le livre de la paroisse que toutes les autorisations de l\u2019\u00e9v\u00each\u00e9 et de la pr\u00e9fecture sont obtenues. H\u00e9las, lorsque les travaux sont \u00e0 peine commenc\u00e9s, la guerre \u00e9clate. Le chantier est arr\u00eat\u00e9. Ce n\u2019est qu\u2019en janvier 1946 que les travaux de construction reprennent. Fin ao\u00fbt 1950, la charpente est mont\u00e9e. Les qu\u00eates continuent aupr\u00e8s des habitants et des amis. La JOC (Jeunesse ouvri\u00e8re chr\u00e9tienne) organise des f\u00eates et des pi\u00e8ces de th\u00e9\u00e2tre. Fin ao\u00fbt, gr\u00e2ce \u00e0 la bonne volont\u00e9 des habitants, et la g\u00e9n\u00e9rosit\u00e9 des donateurs, le cur\u00e9 Knauer esp\u00e8re b\u00e9nir la chapelle encore avant la fin de l\u2019ann\u00e9e. Le 4 novembre 1951, la chapelle est b\u00e9nie en pr\u00e9sence de l\u2018\u00e9v\u00eaque Mgr Jean-Julien Weber, du doyen de Soultz-sous-For\u00eats le chanoine Julien Imbs, du cur\u00e9 Knauer, des anciens cur\u00e9s de la paroisse de Kutzenhausen, de nombreux cur\u00e9s des paroisses environnantes, de plusieurs personnalit\u00e9s civiles dont le maire Martin Heintz et du conseil municipal, du conseiller g\u00e9n\u00e9ral et maire de Merkwiller-Pechelbronn Fr\u00e9d\u00e9ric Schiellein, du vitrier Heitzmann et de toute la population.<\/p>\n\n\n\n<p>La statue de la vierge a \u00e9t\u00e9 port\u00e9e en procession \u00e0 travers Kutzenhausen, Feldbach, Soultz et Merkwiller jusqu\u2019\u00e0 son nouvel emplacement \u00e0 la chapelle d\u2019Oberkutzenhausen d\u00e9di\u00e9e \u00e0 Notre-Dame de la Paix. L\u2019autel en gr\u00e8s des Vosges a \u00e9t\u00e9 financ\u00e9 par deux jeunes hommes&nbsp;: Edouard Esch et Joseph Schweickert revenant de Tunisie. Les vitraux r\u00e9alis\u00e9s par le vitrier Heitzmann de Strasbourg ont \u00e9t\u00e9 pay\u00e9s par les familles Batt, Hauswirth, Keller Kuhnmunch, Wilhelm et madeleine Friedrich, les lustres et les cand\u00e9labres par la famille Wengert. La porte d\u2019entr\u00e9e a \u00e9t\u00e9 offerte par la commune, tandis que la cloche a \u00e9t\u00e9 apport\u00e9e par les soldats am\u00e9ricains pendant la guerre. La chapelle est entretenue r\u00e9guli\u00e8rement par des b\u00e9n\u00e9voles de la paroisse, propri\u00e9taire des lieux.<\/p>\n\n\n\n<p>R\u00e9cemment, un artisan de Preuschdorf a r\u00e9nov\u00e9 gratuitement la toiture. Par ailleurs, trois jeunes hommes d\u2019Oberkutzenhausen, les fr\u00e8res Fabien et S\u00e9bastien Herrmann et Claude Pfifferling ont fabriqu\u00e9 b\u00e9n\u00e9volement de nouveaux bancs pour remplacer les vieilles chaises, le bois ayant \u00e9qt\u00e9 pay\u00e9 par des dons. La propret\u00e9 int\u00e9rieure et ext\u00e9rieure est \u00e9galement assur\u00e9e par des b\u00e9n\u00e9voles. Le cur\u00e9 en charge de la paroisse y vient pour dire une messe toutes les deux semaines. La colombe de la paix peinte au-dessus de l\u2019entr\u00e9e est l\u2019\u0153uvre de l\u2019artiste Th\u00e8o Sauer Au-dessus de la porte sont inscrits les mots latins&nbsp;: Urbem tuam Virgo servam a peste, fame et bello. Votum omnium est. Amen. Pendant plus de vingt ans, une f\u00eate de la paix a \u00e9t\u00e9 c\u00e9l\u00e9br\u00e9e tous les ans en date du 8 mai.<\/p>\n<\/div>\n<\/div>\n<\/div>\n<\/div>\n\n\n\n<hr class=\"wp-block-separator has-alpha-channel-opacity\"\/>\n\n\n\n<p><strong>Feuille de services 2023<\/strong><\/p>\n\n\n\n<figure class=\"wp-block-table\"><table class=\"has-fixed-layout\"><tbody><tr><td><strong>Liturgie<\/strong><\/td><td><\/td><\/tr><tr><td>Fleurissement<\/td><td><\/td><\/tr><tr><td>Entretien<\/td><td><\/td><\/tr><tr><td>Sacristain<\/td><td><\/td><\/tr><tr><td>Portier<\/td><td><\/td><\/tr><tr><td>Servants de messe<\/td><td><\/td><\/tr><tr><td>Chorale<\/td><td><\/td><\/tr><tr><td>Organiste<\/td><td><\/td><\/tr><tr><td>Lecteurs<\/td><td><\/td><\/tr><tr><td>C\u00e9l\u00e9brations du mercredi<\/td><td><\/td><\/tr><tr><td><strong>Informations<\/strong><\/td><td><\/td><\/tr><tr><td>Fiche paroissiale<\/td><td><\/td><\/tr><tr><td>Accueil<\/td><td><\/td><\/tr><tr><td><strong>Conseil de fabrique<\/strong><\/td><td><\/td><\/tr><tr><td>Pr\u00e9sident<\/td><td><\/td><\/tr><\/tbody><\/table><\/figure>\n\n\n\n<div class=\"wp-block-group alignfull footer-css has-white-color has-black-background-color has-text-color has-background has-link-color wp-elements-0979bca1305ef2049878b96c1648b1f1 is-vertical is-content-justification-stretch is-layout-flex wp-container-core-group-is-layout-47eb2bc5 wp-block-group-is-layout-flex\" style=\"min-height:40vh;margin-top:0;margin-bottom:0;padding-top:var(--wp--preset--spacing--60);padding-right:var(--wp--preset--spacing--40);padding-bottom:var(--wp--preset--spacing--60);padding-left:var(--wp--preset--spacing--40)\">\n<div class=\"wp-block-columns alignwide has-small-font-size is-layout-flex wp-container-core-columns-is-layout-9d6595d7 wp-block-columns-is-layout-flex\">\n<div class=\"wp-block-column is-layout-flow wp-block-column-is-layout-flow\"><div class=\"wp-block-image is-style-rounded\">\n<figure class=\"aligncenter size-full is-resized\"><img loading=\"lazy\" decoding=\"async\" width=\"512\" height=\"336\" src=\"https:\/\/paroisses-catholiques-ssf.com\/wp-content\/uploads\/2023\/10\/logo-1.png\" alt=\"\" class=\"wp-image-369\" style=\"object-fit:cover;width:100px;height:100px\" srcset=\"https:\/\/paroisses-catholiques-ssf.com\/wp-content\/uploads\/2023\/10\/logo-1.png 512w, https:\/\/paroisses-catholiques-ssf.com\/wp-content\/uploads\/2023\/10\/logo-1-300x197.png 300w\" sizes=\"auto, (max-width: 512px) 100vw, 512px\" \/><\/figure>\n<\/div>\n\n\n<p class=\"has-text-align-center\">Presbyt\u00e8re catholique de Soultz-sous-For\u00eats<\/p>\n\n\n\n<p class=\"has-text-align-center\">2 rue des \u00e9coles,<br>67250 SOULTZ-SOUS-FOR\u00caTS<br>03 88 80 41 55<\/p>\n\n\n\n<p class=\"has-text-align-center\">paroisse.ssf@wanadoo.fr<\/p>\n\n\n\n<div style=\"height:24px\" aria-hidden=\"true\" class=\"wp-block-spacer\"><\/div>\n<\/div>\n\n\n\n<div class=\"wp-block-column is-layout-flow wp-block-column-is-layout-flow\">\n<p class=\"has-text-align-center\"><\/p>\n\n\n<p><iframe src=\"https:\/\/www.google.com\/maps\/embed?pb=!1m18!1m12!1m3!1d2620.800066723692!2d7.879993676792334!3d48.93824979508288!2m3!1f0!2f0!3f0!3m2!1i1024!2i768!4f13.1!3m3!1m2!1s0x4796f274b1cc3ebd%3A0x5c8a5f31a04db652!2s2%20Rue%20des%20%C3%89coles%2C%2067250%20Soultz-sous-For%C3%AAts!5e0!3m2!1sfr!2sfr!4v1698792111402!5m2!1sfr!2sfr\" width=\"600\" height=\"450\" style=\"border:0;\" allowfullscreen=\"\" loading=\"lazy\" referrerpolicy=\"no-referrer-when-downgrade\"><\/iframe><\/p>\n\n\n\n<div style=\"height:24px\" aria-hidden=\"true\" class=\"wp-block-spacer\"><\/div>\n<\/div>\n<\/div>\n<\/div>\n\n\n\n<div class=\"wp-block-columns is-layout-flex wp-container-core-columns-is-layout-9d6595d7 wp-block-columns-is-layout-flex\">\n<div class=\"wp-block-column footer__copyright is-layout-flow wp-block-column-is-layout-flow\">\n<p class=\"coopyright\">\u00a92023Communaut\u00e9 de paroisses catholiques de Soultz-sous-For\u00eats &#8211; r\u00e9alis\u00e9 par Samtmann Guillaume <\/p>\n<\/div>\n<\/div>\n","protected":false},"excerpt":{"rendered":"<p>Notre histoire La chapelle Notre-Dame de la Paix, Il y a longtemps, bien avant la r\u00e9volution, se dressait \u00e0 Kutzenhausen une petite chapelle votive d\u00e9di\u00e9e \u00e0 Notre-Dame de la Paix et \u00e0 l\u2019Immacul\u00e9e Conception. Elle se trouvait&nbsp;\u00bb\u00e0 gauche du pont en pierre, entre Kutzenhausen et Feldbach&nbsp;\u00bb. Cette chapelle a \u00e9t\u00e9 restaur\u00e9e en 1784 et b\u00e9nie [&hellip;]<\/p>\n","protected":false},"author":1,"featured_media":0,"parent":0,"menu_order":0,"comment_status":"closed","ping_status":"closed","template":"page-template\/custom-home-page.php","meta":{"_mc_calendar":[],"footnotes":""},"class_list":["post-38","page","type-page","status-publish","hentry"],"_links":{"self":[{"href":"https:\/\/paroisses-catholiques-ssf.com\/index.php\/wp-json\/wp\/v2\/pages\/38","targetHints":{"allow":["GET"]}}],"collection":[{"href":"https:\/\/paroisses-catholiques-ssf.com\/index.php\/wp-json\/wp\/v2\/pages"}],"about":[{"href":"https:\/\/paroisses-catholiques-ssf.com\/index.php\/wp-json\/wp\/v2\/types\/page"}],"author":[{"embeddable":true,"href":"https:\/\/paroisses-catholiques-ssf.com\/index.php\/wp-json\/wp\/v2\/users\/1"}],"replies":[{"embeddable":true,"href":"https:\/\/paroisses-catholiques-ssf.com\/index.php\/wp-json\/wp\/v2\/comments?post=38"}],"version-history":[{"count":13,"href":"https:\/\/paroisses-catholiques-ssf.com\/index.php\/wp-json\/wp\/v2\/pages\/38\/revisions"}],"predecessor-version":[{"id":2771,"href":"https:\/\/paroisses-catholiques-ssf.com\/index.php\/wp-json\/wp\/v2\/pages\/38\/revisions\/2771"}],"wp:attachment":[{"href":"https:\/\/paroisses-catholiques-ssf.com\/index.php\/wp-json\/wp\/v2\/media?parent=38"}],"curies":[{"name":"wp","href":"https:\/\/api.w.org\/{rel}","templated":true}]}}