{"id":40,"date":"2023-10-26T06:03:58","date_gmt":"2023-10-26T04:03:58","guid":{"rendered":"https:\/\/paroisses-catholiques-ssf.com\/?page_id=40"},"modified":"2025-08-21T09:01:41","modified_gmt":"2025-08-21T07:01:41","slug":"schoenenbourg","status":"publish","type":"page","link":"https:\/\/paroisses-catholiques-ssf.com\/index.php\/schoenenbourg\/","title":{"rendered":"Schoenenbourg"},"content":{"rendered":"\n<div class=\"wp-block-cover bani\u00e9re-paroisse\"><img loading=\"lazy\" decoding=\"async\" width=\"800\" height=\"662\" class=\"wp-block-cover__image-background wp-image-813\" alt=\"\" src=\"https:\/\/paroisses-catholiques-ssf.com\/wp-content\/uploads\/2023\/11\/eglise_schoenenbourg.jpg\" data-object-fit=\"cover\" srcset=\"https:\/\/paroisses-catholiques-ssf.com\/wp-content\/uploads\/2023\/11\/eglise_schoenenbourg.jpg 800w, https:\/\/paroisses-catholiques-ssf.com\/wp-content\/uploads\/2023\/11\/eglise_schoenenbourg-300x248.jpg 300w, https:\/\/paroisses-catholiques-ssf.com\/wp-content\/uploads\/2023\/11\/eglise_schoenenbourg-768x636.jpg 768w\" sizes=\"auto, (max-width: 800px) 100vw, 800px\" \/><span aria-hidden=\"true\" class=\"wp-block-cover__background has-background-dim-30 has-background-dim\"><\/span><div class=\"wp-block-cover__inner-container is-layout-flow wp-block-cover-is-layout-flow\">\n<h1 class=\"wp-block-heading has-text-align-center titre__pageParoisse has-white-color has-text-color has-link-color wp-elements-95784f7b107e1dd0fb3bd991f2991ada\">Schoenenbourg<\/h1>\n\n\n\n<hr class=\"wp-block-separator has-text-color has-white-color has-alpha-channel-opacity has-white-background-color has-background\"\/>\n<\/div><\/div>\n\n\n\n<div class=\"wp-block-columns col_paroisse is-layout-flex wp-container-core-columns-is-layout-9d6595d7 wp-block-columns-is-layout-flex\">\n<div class=\"wp-block-column col_paroisse is-layout-flow wp-block-column-is-layout-flow\">\n<h1 class=\"wp-block-heading has-text-align-center has-black-color has-text-color has-link-color wp-elements-32a811c7b75e4dbdf111c336cf47236d\">Notre histoire<\/h1>\n\n\n\n<div class=\"wp-block-columns is-layout-flex wp-container-core-columns-is-layout-9d6595d7 wp-block-columns-is-layout-flex\">\n<div class=\"wp-block-column paragraphe_birlenbach is-layout-flow wp-block-column-is-layout-flow\">\n<p>L&rsquo;ancienne \u00e9glise, datant du 18\u00e8me si\u00e8cle, a \u00e9t\u00e9 d\u00e9truite durant la seconde guerre mondiale. Pendant la reconstruction les fid\u00e8les ont d\u00fb se contenter de la grange du presbyt\u00e8re.<br>C&rsquo;est en 1961, lors de la Veill\u00e9e Pascale que s&rsquo;est d\u00e9roul\u00e9e la premi\u00e8re messe dans la nouvelle \u00e9glise inaugur\u00e9e par Monseigneur Weber, alors Ev\u00eaque de notre Dioc\u00e8se. Ce b\u00e2timent de facture r\u00e9solument contemporaine est l&rsquo;\u0153uvre de l&rsquo;architecte Pillon. Les vitraux du ch\u0153ur repr\u00e9sentant les 7 sacrements sont l&rsquo;\u0153uvre de Werl\u00e9 de Haguenau. L&rsquo;autel en marbre des Pyr\u00e9n\u00e9es, le chemin de croix les statues de Marie et Joseph en ch\u00eane africain, et les fonds baptismaux sont dus aux Ateliers Jaeg-Valentin de Strasbourg-Neudorf.<\/p>\n\n\n\n<p><br>C&rsquo;est au facteur d&rsquo;orgues Muhleisen de Strasbourg-Cronenbourg que l&rsquo;on doit l&rsquo;orgue de style n\u00e9obaroque. La devise de cette \u00e9glise est \u00ab Ad majorem Dei gloriam \u00bb (Pour la plus grande gloire de Dieu). Elle est d\u00e9di\u00e9e \u00e0 Sainte Agathe, patronne des nourrices, jeune vierge martyre, n\u00e9e en Sicile o\u00f9 elle est v\u00e9n\u00e9r\u00e9e comme protectrice de la ville de Catane, et \u00e0 Saint Arbogast, patron de l&rsquo;Alsace, qui sont repr\u00e9sent\u00e9s sur les vitraux de la nef.<\/p>\n<\/div>\n<\/div>\n<\/div>\n<\/div>\n\n\n\n<hr class=\"wp-block-separator has-alpha-channel-opacity\"\/>\n\n\n\n<div class=\"wp-block-columns is-layout-flex wp-container-core-columns-is-layout-9d6595d7 wp-block-columns-is-layout-flex\">\n<div class=\"wp-block-column is-layout-flow wp-block-column-is-layout-flow\">\n<h2 class=\"wp-block-heading has-text-align-left\">Feuille de services 2023<\/h2>\n\n\n\n<figure class=\"wp-block-table\"><table class=\"has-fixed-layout\"><thead><tr><th>Activit\u00e9s<\/th><th><\/th><th><\/th><\/tr><\/thead><tbody><tr><td><strong>Pastorale de la sant\u00e9<\/strong><\/td><td><\/td><td>Agn\u00e8s SCHAUER<\/td><\/tr><tr><td><strong>Liturgie<\/strong><\/td><td>Fleurissement<\/td><td>Agn\u00e8s SCHAUER<\/td><\/tr><tr><td><\/td><td>Entretien<\/td><td>Marie-Monique MEYER<\/td><\/tr><tr><td><\/td><td>Sacristain<\/td><td>Raymond WEISHAAR<\/td><\/tr><tr><td><\/td><td>Portier<\/td><td>Raymond WEISHAAR<\/td><\/tr><tr><td><\/td><td>Servants de messe<\/td><td>Isabelle WEISHAAR<\/td><\/tr><tr><td><\/td><td>Chorale<\/td><td>Marie-Laure SCHRAMM<\/td><\/tr><tr><td><\/td><td>Organiste<\/td><td>Ang\u00e9lique SCHOENENBERGER<\/td><\/tr><tr><td><\/td><td>Lecteurs<\/td><td>Joseph SCHEIDT<\/td><\/tr><tr><td><\/td><td>C\u00e9l\u00e9brations du mercredi<\/td><td>Dalida BENE<\/td><\/tr><tr><td><strong>Conseil de fabrique<\/strong><\/td><td><\/td><td>Raymond WEISHAAR<\/td><\/tr><tr><td><strong>Conseil pastoral inter paroissial<\/strong><\/td><td><\/td><td>Marie-Laure SCHRAMM<\/td><\/tr><tr><td><strong>Equipe d&rsquo; Animation Pastorale (EAP)<\/strong><\/td><td><\/td><td>Christine DENTINGER<\/td><\/tr><\/tbody><\/table><\/figure>\n<\/div>\n<\/div>\n\n\n\n<div class=\"wp-block-group alignfull footer-css has-white-color has-black-background-color has-text-color has-background has-link-color wp-elements-ba475b0cc921fef8f0e1837d6cd4a8dc is-vertical is-content-justification-stretch is-layout-flex wp-container-core-group-is-layout-47eb2bc5 wp-block-group-is-layout-flex\" style=\"min-height:40vh;margin-top:0;margin-bottom:0;padding-top:var(--wp--preset--spacing--60);padding-right:var(--wp--preset--spacing--40);padding-bottom:var(--wp--preset--spacing--60);padding-left:var(--wp--preset--spacing--40)\">\n<div class=\"wp-block-columns alignwide has-small-font-size is-layout-flex wp-container-core-columns-is-layout-9d6595d7 wp-block-columns-is-layout-flex\">\n<div class=\"wp-block-column is-vertically-aligned-center is-layout-flow wp-block-column-is-layout-flow\">\n<p class=\"has-text-align-center\">Presbyt\u00e8re catholique de Soultz-sous-For\u00eats<\/p>\n\n\n\n<p class=\"has-text-align-center\">2 rue des \u00e9coles,<br>67250 SOULTZ-SOUS-FOR\u00caTS<br>03 88 80 41 55 (sauf le lundi)&nbsp;<\/p>\n\n\n\n<p class=\"has-text-align-center\">paroisse.ssf@wanadoo.fr<\/p>\n\n\n\n<p class=\"has-text-align-center\">Permanences : Jeudi de 10h00 \u00e0 12h00 et le samedi de 10h00 \u00e0 12h00&nbsp;<\/p>\n\n\n\n<p class=\"has-text-align-center\">P\u00e8re F\u00e9lix Zannou HOUESSOU : 06 14 38 65 52 (en cas d&rsquo;urgence)&nbsp;<\/p>\n\n\n\n<p class=\"has-text-align-center\">P\u00e8re Jules : 07 51 46 50 65 \u2013 P\u00e8re Simon KNAEBEL : 03 88 79 11 85&nbsp;<\/p>\n\n\n\n<div style=\"height:24px\" aria-hidden=\"true\" class=\"wp-block-spacer\"><\/div>\n<\/div>\n\n\n\n<div class=\"wp-block-column is-layout-flow wp-block-column-is-layout-flow\">\n<p class=\"has-text-align-center\"><\/p>\n\n\n<p><iframe src=\"https:\/\/www.google.com\/maps\/embed?pb=!1m18!1m12!1m3!1d2620.800066723692!2d7.879993676792334!3d48.93824979508288!2m3!1f0!2f0!3f0!3m2!1i1024!2i768!4f13.1!3m3!1m2!1s0x4796f274b1cc3ebd%3A0x5c8a5f31a04db652!2s2%20Rue%20des%20%C3%89coles%2C%2067250%20Soultz-sous-For%C3%AAts!5e0!3m2!1sfr!2sfr!4v1698792111402!5m2!1sfr!2sfr\" width=\"600\" height=\"450\" style=\"border:0;\" allowfullscreen=\"\" loading=\"lazy\" referrerpolicy=\"no-referrer-when-downgrade\"><\/iframe><\/p>\n\n\n\n<div style=\"height:24px\" aria-hidden=\"true\" class=\"wp-block-spacer\"><\/div>\n<\/div>\n<\/div>\n<\/div>\n\n\n\n<div class=\"wp-block-columns is-layout-flex wp-container-core-columns-is-layout-9d6595d7 wp-block-columns-is-layout-flex\">\n<div class=\"wp-block-column footer__copyright is-layout-flow wp-block-column-is-layout-flow\">\n<p class=\"coopyright\">\u00a92023Communaut\u00e9 de paroisses catholiques de Soultz-sous-For\u00eats &#8211; r\u00e9alis\u00e9 par Samtmann Guillaume <\/p>\n<\/div>\n<\/div>\n","protected":false},"excerpt":{"rendered":"<p>Notre histoire L&rsquo;ancienne \u00e9glise, datant du 18\u00e8me si\u00e8cle, a \u00e9t\u00e9 d\u00e9truite durant la seconde guerre mondiale. Pendant la reconstruction les fid\u00e8les ont d\u00fb se contenter de la grange du presbyt\u00e8re.C&rsquo;est en 1961, lors de la Veill\u00e9e Pascale que s&rsquo;est d\u00e9roul\u00e9e la premi\u00e8re messe dans la nouvelle \u00e9glise inaugur\u00e9e par Monseigneur Weber, alors Ev\u00eaque de notre [&hellip;]<\/p>\n","protected":false},"author":1,"featured_media":0,"parent":0,"menu_order":0,"comment_status":"closed","ping_status":"closed","template":"page-template\/custom-home-page.php","meta":{"_mc_calendar":[],"footnotes":""},"class_list":["post-40","page","type-page","status-publish","hentry"],"_links":{"self":[{"href":"https:\/\/paroisses-catholiques-ssf.com\/index.php\/wp-json\/wp\/v2\/pages\/40","targetHints":{"allow":["GET"]}}],"collection":[{"href":"https:\/\/paroisses-catholiques-ssf.com\/index.php\/wp-json\/wp\/v2\/pages"}],"about":[{"href":"https:\/\/paroisses-catholiques-ssf.com\/index.php\/wp-json\/wp\/v2\/types\/page"}],"author":[{"embeddable":true,"href":"https:\/\/paroisses-catholiques-ssf.com\/index.php\/wp-json\/wp\/v2\/users\/1"}],"replies":[{"embeddable":true,"href":"https:\/\/paroisses-catholiques-ssf.com\/index.php\/wp-json\/wp\/v2\/comments?post=40"}],"version-history":[{"count":18,"href":"https:\/\/paroisses-catholiques-ssf.com\/index.php\/wp-json\/wp\/v2\/pages\/40\/revisions"}],"predecessor-version":[{"id":2758,"href":"https:\/\/paroisses-catholiques-ssf.com\/index.php\/wp-json\/wp\/v2\/pages\/40\/revisions\/2758"}],"wp:attachment":[{"href":"https:\/\/paroisses-catholiques-ssf.com\/index.php\/wp-json\/wp\/v2\/media?parent=40"}],"curies":[{"name":"wp","href":"https:\/\/api.w.org\/{rel}","templated":true}]}}