{"id":42,"date":"2023-10-26T06:04:26","date_gmt":"2023-10-26T04:04:26","guid":{"rendered":"https:\/\/paroisses-catholiques-ssf.com\/?page_id=42"},"modified":"2025-12-08T08:28:51","modified_gmt":"2025-12-08T07:28:51","slug":"soultz-sous-forets","status":"publish","type":"page","link":"https:\/\/paroisses-catholiques-ssf.com\/index.php\/soultz-sous-forets\/","title":{"rendered":"Soultz-sous-For\u00eats"},"content":{"rendered":"\n<div class=\"wp-block-cover bani\u00e9re-paroisse\"><img loading=\"lazy\" decoding=\"async\" width=\"1922\" height=\"2560\" class=\"wp-block-cover__image-background wp-image-845\" alt=\"\" src=\"https:\/\/paroisses-catholiques-ssf.com\/wp-content\/uploads\/2023\/11\/IMG_20200810_120859-scaled.jpg\" style=\"object-position:59% 70%\" data-object-fit=\"cover\" data-object-position=\"59% 70%\" srcset=\"https:\/\/paroisses-catholiques-ssf.com\/wp-content\/uploads\/2023\/11\/IMG_20200810_120859-scaled.jpg 1922w, https:\/\/paroisses-catholiques-ssf.com\/wp-content\/uploads\/2023\/11\/IMG_20200810_120859-225x300.jpg 225w, https:\/\/paroisses-catholiques-ssf.com\/wp-content\/uploads\/2023\/11\/IMG_20200810_120859-769x1024.jpg 769w, https:\/\/paroisses-catholiques-ssf.com\/wp-content\/uploads\/2023\/11\/IMG_20200810_120859-768x1023.jpg 768w, https:\/\/paroisses-catholiques-ssf.com\/wp-content\/uploads\/2023\/11\/IMG_20200810_120859-1153x1536.jpg 1153w, https:\/\/paroisses-catholiques-ssf.com\/wp-content\/uploads\/2023\/11\/IMG_20200810_120859-1538x2048.jpg 1538w\" sizes=\"auto, (max-width: 1922px) 100vw, 1922px\" \/><span aria-hidden=\"true\" class=\"wp-block-cover__background has-background-dim-30 has-background-dim\"><\/span><div class=\"wp-block-cover__inner-container is-layout-flow wp-block-cover-is-layout-flow\">\n<h1 class=\"wp-block-heading has-text-align-center titre__pageParoisse has-white-color has-text-color has-link-color wp-elements-f61a54945a608231dbf39a032aba6dfa\">Soultz-sous-For\u00eats<\/h1>\n\n\n\n<hr class=\"wp-block-separator has-text-color has-white-color has-alpha-channel-opacity has-white-background-color has-background\"\/>\n<\/div><\/div>\n\n\n\n<div class=\"wp-block-columns is-layout-flex wp-container-core-columns-is-layout-9d6595d7 wp-block-columns-is-layout-flex\">\n<div class=\"wp-block-column col_paroisse is-layout-flow wp-block-column-is-layout-flow\">\n<h1 class=\"wp-block-heading has-text-align-center has-black-color has-text-color has-link-color wp-elements-32a811c7b75e4dbdf111c336cf47236d\">Notre histoire<\/h1>\n\n\n\n<div class=\"wp-block-columns is-layout-flex wp-container-core-columns-is-layout-9d6595d7 wp-block-columns-is-layout-flex\">\n<div class=\"wp-block-column paragraphe_birlenbach is-layout-flow wp-block-column-is-layout-flow\">\n<p><strong>HISTORIQUE DE LA CONSTRUCTION<\/strong><\/p>\n\n\n\n<p><strong>DE L&rsquo;EGLISE STS PIERRE ET PAUL DE SOULTZ s\/F<\/strong><\/p>\n\n\n\n<p>En septembre 1891, le Cur\u00e9 Fran\u00e7ois JAGGY, cur\u00e9 \u00e0 SOULTZ-sous-FORETS de 1863 \u00e0 1899, d\u00e9marre les collectes d&rsquo;argent pour la construction de l&rsquo;\u00e9glise catholique. En effet depuis 1696, la paroisse catholique partage son lieu de culte avec la communaut\u00e9 protestante et d&rsquo;apr\u00e8s certains r\u00e9cits ce partage ne se fait pas sans grincements de dents.<\/p>\n\n\n\n<p>Le cur\u00e9 Alphonse LUDWIG qui lui succ\u00e8de \u00e0 partir du 29 octobre 1899 continue la collecte des fonds et l&rsquo;ensemble des dons et legs est m\u00e9ticuleusement enregistr\u00e9 dans le livre des comptes.<\/p>\n\n\n\n<p>En 1899 le cur\u00e9 LUWIG ach\u00e8te le ch\u00e2teau GEIGER pour 30 000 Marks dans le but de construire la future \u00e9glise sur les terrains situ\u00e9s au sud du ch\u00e2teau.<\/p>\n\n\n\n<p>A partir de 1902 ce ch\u00e2teau va servir de presbyt\u00e8re \u00e0 la paroisse catholique.<\/p>\n\n\n\n<p>Le 20 mai 1904 M Jacques CLAUSS est nomm\u00e9 cur\u00e9 \u00e0 Soultz-sous-For\u00eats. Il sera cur\u00e9 de 1a paroisse de 1904 \u00e0 1917 et c&rsquo;est lui qui s&rsquo;occupera de la r\u00e9alisation du projet lanc\u00e9 par le cur\u00e9 JAGGY \u00e0 la fin du si\u00e8cle pr\u00e9c\u00e9dent.<\/p>\n\n\n\n<p>L&rsquo;architecte Bruno STELLER \u00e9labore un projet de construction qui s&rsquo;inspire de l&rsquo;architecture du XVIII si\u00e8cle qui re\u00e7oit l&rsquo;accord des autorit\u00e9s. C&rsquo;est un m\u00e9lange de style n\u00e9oroman avec ses arrondis typiques des vo\u00fbtes et des ouvertures de fen\u00eatres mais \u00e9galement de style baroque d&rsquo;Europe centrale avec son clocher \u00e0 bulbe.<\/p>\n\n\n\n<p>Le 25 avril 1908 on a mis en adjudication les travaux de gros \u0153uvre et bient\u00f4t le chantier peut d\u00e9marrer dans l&rsquo;ancienne cour d&rsquo;honneur du Ch\u00e2teau GEIGER. Pour d\u00e9gager suffisamment de place \u00e0 la construction de l&rsquo;\u00e9glise il a fallu d\u00e9molir les d\u00e9pendances du ch\u00e2teau se situant de part et d&rsquo;autre de l&rsquo;entr\u00e9e.<\/p>\n\n\n\n<p>Le 5 juillet aura lieu la pose solennelle de la premi\u00e8re pierre toujours visible \u00e0 la base du pilier gauche soutenant la vo\u00fbte du ch\u0153ur. Et les op\u00e9rations de collectes de fond se poursuivent car il faut encore r\u00e9unir environ 11 500 Marks pour \u00e9quilibrer le budget et permettre l&rsquo;ach\u00e8vement int\u00e9rieur de l&rsquo;\u00e9difice.<\/p>\n\n\n\n<p>Fin du mois de septembre 1909 les travaux de construction s&rsquo;ach\u00e8vent et le 3 octobre 1909 la communaut\u00e9 catholique investit le nouvel \u00e9difice pour la premi\u00e8re fois.<\/p>\n\n\n\n<p>Le simultaneum sera lev\u00e9 officiellement en 1909.<\/p>\n\n\n\n<p>Le 31 mai 1910 l&rsquo;\u00e9glise est inaugur\u00e9e en grande pompe par l&rsquo;\u00e9v\u00eaque coadjuteur de STRASBOURG, ZORN VON BULACH et les chroniqueurs de l&rsquo;\u00e9poque d\u00e9crivent les festivit\u00e9s comme uniques dans les annales de la ville de SOULTZ-sous-FORETS.<\/p>\n\n\n\n<figure class=\"wp-block-image size-full\"><img loading=\"lazy\" decoding=\"async\" width=\"640\" height=\"410\" src=\"https:\/\/paroisses-catholiques-ssf.com\/wp-content\/uploads\/2025\/02\/eglise_en_1910.jpg\" alt=\"Eglise en 1910\" class=\"wp-image-2255\" srcset=\"https:\/\/paroisses-catholiques-ssf.com\/wp-content\/uploads\/2025\/02\/eglise_en_1910.jpg 640w, https:\/\/paroisses-catholiques-ssf.com\/wp-content\/uploads\/2025\/02\/eglise_en_1910-300x192.jpg 300w\" sizes=\"auto, (max-width: 640px) 100vw, 640px\" \/><\/figure>\n\n\n\n<p>Eglise en 1910<\/p>\n\n\n\n<figure class=\"wp-block-image size-full\"><img loading=\"lazy\" decoding=\"async\" width=\"904\" height=\"273\" src=\"https:\/\/paroisses-catholiques-ssf.com\/wp-content\/uploads\/2025\/02\/image.png\" alt=\"\" class=\"wp-image-2256\" srcset=\"https:\/\/paroisses-catholiques-ssf.com\/wp-content\/uploads\/2025\/02\/image.png 904w, https:\/\/paroisses-catholiques-ssf.com\/wp-content\/uploads\/2025\/02\/image-300x91.png 300w, https:\/\/paroisses-catholiques-ssf.com\/wp-content\/uploads\/2025\/02\/image-768x232.png 768w\" sizes=\"auto, (max-width: 904px) 100vw, 904px\" \/><\/figure>\n<\/div>\n<\/div>\n<\/div>\n<\/div>\n\n\n\n<hr class=\"wp-block-separator has-alpha-channel-opacity\"\/>\n\n\n\n<p><strong>Feuille de services 2023<\/strong><\/p>\n\n\n\n<figure class=\"wp-block-table\"><table class=\"has-fixed-layout\"><tbody><tr><td><strong>Liturgie<\/strong><\/td><td><\/td><\/tr><tr><td>Fleurissement<\/td><td>Brigitte HOFFBECK \/ Annie SCHWOERER<\/td><\/tr><tr><td>Entretien<\/td><td>Denise RUBY<\/td><\/tr><tr><td>Sacristain<\/td><td>G\u00e9rard LINCK<\/td><\/tr><tr><td>Portier<\/td><td><\/td><\/tr><tr><td>Servants de messe<\/td><td><\/td><\/tr><tr><td>Chorale<\/td><td>Annie SCHWOERER \/ Brigitte HOFFBECK<\/td><\/tr><tr><td>Organiste<\/td><td>Vincent LINCK<\/td><\/tr><tr><td>Lecteurs<\/td><td><\/td><\/tr><tr><td>C\u00e9l\u00e9brations du mercredi<\/td><td>Dalida BENE<\/td><\/tr><tr><td><strong>Informations<\/strong><\/td><td><\/td><\/tr><tr><td>Fiche paroissiale<\/td><td><\/td><\/tr><tr><td>Accueil<\/td><td><\/td><\/tr><tr><td><strong>Conseil de fabrique<\/strong><\/td><td><\/td><\/tr><tr><td>Pr\u00e9sidente<\/td><td>Annie SCHWOERER<\/td><\/tr><\/tbody><\/table><\/figure>\n\n\n\n<div class=\"wp-block-group alignfull footer-css has-white-color has-black-background-color has-text-color has-background has-link-color wp-elements-26118817cf00e9906aac9f840beba15e is-vertical is-content-justification-stretch is-layout-flex wp-container-core-group-is-layout-47eb2bc5 wp-block-group-is-layout-flex\" style=\"min-height:40vh;margin-top:0;margin-bottom:0;padding-top:var(--wp--preset--spacing--60);padding-right:var(--wp--preset--spacing--40);padding-bottom:var(--wp--preset--spacing--60);padding-left:var(--wp--preset--spacing--40)\">\n<div class=\"wp-block-columns alignwide has-small-font-size is-layout-flex wp-container-core-columns-is-layout-9d6595d7 wp-block-columns-is-layout-flex\">\n<div class=\"wp-block-column is-vertically-aligned-center is-layout-flow wp-block-column-is-layout-flow\">\n<p class=\"has-text-align-center\">Presbyt\u00e8re catholique de Soultz-sous-For\u00eats<\/p>\n\n\n\n<p class=\"has-text-align-center\">2 rue des \u00e9coles,<br>67250 SOULTZ-SOUS-FOR\u00caTS<br>03 88 80 41 55 (sauf le lundi)&nbsp;<\/p>\n\n\n\n<p class=\"has-text-align-center\">paroisse.ssf@wanadoo.fr<\/p>\n\n\n\n<p class=\"has-text-align-center\">Permanences : Jeudi de 10h00 \u00e0 12h00 et le samedi de 10h00 \u00e0 12h00&nbsp;<\/p>\n\n\n\n<p class=\"has-text-align-center\">P\u00e8re F\u00e9lix Zannou HOUESSOU : 06 14 38 65 52 (en cas d&rsquo;urgence)&nbsp;<\/p>\n\n\n\n<p class=\"has-text-align-center\">P\u00e8re Simon KNAEBEL : 03 88 79 11 85\u00a0<\/p>\n\n\n\n<div style=\"height:24px\" aria-hidden=\"true\" class=\"wp-block-spacer\"><\/div>\n<\/div>\n\n\n\n<div class=\"wp-block-column is-layout-flow wp-block-column-is-layout-flow\">\n<p class=\"has-text-align-center\"><\/p>\n\n\n<p><iframe src=\"https:\/\/www.google.com\/maps\/embed?pb=!1m18!1m12!1m3!1d2620.800066723692!2d7.879993676792334!3d48.93824979508288!2m3!1f0!2f0!3f0!3m2!1i1024!2i768!4f13.1!3m3!1m2!1s0x4796f274b1cc3ebd%3A0x5c8a5f31a04db652!2s2%20Rue%20des%20%C3%89coles%2C%2067250%20Soultz-sous-For%C3%AAts!5e0!3m2!1sfr!2sfr!4v1698792111402!5m2!1sfr!2sfr\" width=\"600\" height=\"450\" style=\"border:0;\" allowfullscreen=\"\" loading=\"lazy\" referrerpolicy=\"no-referrer-when-downgrade\"><\/iframe><\/p>\n\n\n\n<div style=\"height:24px\" aria-hidden=\"true\" class=\"wp-block-spacer\"><\/div>\n<\/div>\n<\/div>\n<\/div>\n\n\n\n<div class=\"wp-block-columns is-layout-flex wp-container-core-columns-is-layout-9d6595d7 wp-block-columns-is-layout-flex\">\n<div class=\"wp-block-column footer__copyright is-layout-flow wp-block-column-is-layout-flow\">\n<p class=\"coopyright\">\u00a92023Communaut\u00e9 de paroisses catholiques de Soultz-sous-For\u00eats &#8211; r\u00e9alis\u00e9 par Samtmann Guillaume <\/p>\n<\/div>\n<\/div>\n","protected":false},"excerpt":{"rendered":"<p>Notre histoire HISTORIQUE DE LA CONSTRUCTION DE L&rsquo;EGLISE STS PIERRE ET PAUL DE SOULTZ s\/F En septembre 1891, le Cur\u00e9 Fran\u00e7ois JAGGY, cur\u00e9 \u00e0 SOULTZ-sous-FORETS de 1863 \u00e0 1899, d\u00e9marre les collectes d&rsquo;argent pour la construction de l&rsquo;\u00e9glise catholique. En effet depuis 1696, la paroisse catholique partage son lieu de culte avec la communaut\u00e9 protestante [&hellip;]<\/p>\n","protected":false},"author":1,"featured_media":0,"parent":0,"menu_order":0,"comment_status":"closed","ping_status":"closed","template":"page-template\/custom-home-page.php","meta":{"_mc_calendar":[],"footnotes":""},"class_list":["post-42","page","type-page","status-publish","hentry"],"_links":{"self":[{"href":"https:\/\/paroisses-catholiques-ssf.com\/index.php\/wp-json\/wp\/v2\/pages\/42","targetHints":{"allow":["GET"]}}],"collection":[{"href":"https:\/\/paroisses-catholiques-ssf.com\/index.php\/wp-json\/wp\/v2\/pages"}],"about":[{"href":"https:\/\/paroisses-catholiques-ssf.com\/index.php\/wp-json\/wp\/v2\/types\/page"}],"author":[{"embeddable":true,"href":"https:\/\/paroisses-catholiques-ssf.com\/index.php\/wp-json\/wp\/v2\/users\/1"}],"replies":[{"embeddable":true,"href":"https:\/\/paroisses-catholiques-ssf.com\/index.php\/wp-json\/wp\/v2\/comments?post=42"}],"version-history":[{"count":24,"href":"https:\/\/paroisses-catholiques-ssf.com\/index.php\/wp-json\/wp\/v2\/pages\/42\/revisions"}],"predecessor-version":[{"id":2977,"href":"https:\/\/paroisses-catholiques-ssf.com\/index.php\/wp-json\/wp\/v2\/pages\/42\/revisions\/2977"}],"wp:attachment":[{"href":"https:\/\/paroisses-catholiques-ssf.com\/index.php\/wp-json\/wp\/v2\/media?parent=42"}],"curies":[{"name":"wp","href":"https:\/\/api.w.org\/{rel}","templated":true}]}}