{"id":537,"date":"2023-11-03T09:53:24","date_gmt":"2023-11-03T08:53:24","guid":{"rendered":"https:\/\/paroisses-catholiques-ssf.com\/?page_id=537"},"modified":"2026-03-26T16:39:35","modified_gmt":"2026-03-26T15:39:35","slug":"actualites","status":"publish","type":"page","link":"https:\/\/paroisses-catholiques-ssf.com\/index.php\/actualites\/","title":{"rendered":"Actualit\u00e9s"},"content":{"rendered":"\n<h2 class=\"wp-block-heading has-text-align-center\">Nos actualit\u00e9s<\/h2>\n\n\n\n<hr class=\"wp-block-separator has-text-color has-black-color has-alpha-channel-opacity has-black-background-color has-background is-style-default\"\/>\n\n\n\n<div class=\"wp-block-columns actu__2col is-layout-flex wp-container-core-columns-is-layout-9d6595d7 wp-block-columns-is-layout-flex\">\n<div class=\"wp-block-column is-layout-flow wp-block-column-is-layout-flow\"><div class=\"wp-block-image is-style-default\">\n<figure class=\"aligncenter size-full is-resized\"><img loading=\"lazy\" decoding=\"async\" width=\"1920\" height=\"2560\" src=\"https:\/\/paroisses-catholiques-ssf.com\/wp-content\/uploads\/2026\/03\/familles_26_03_3-scaled.jpg\" alt=\"\" class=\"wp-image-3280\" style=\"object-fit:cover;width:400px;height:350px\" srcset=\"https:\/\/paroisses-catholiques-ssf.com\/wp-content\/uploads\/2026\/03\/familles_26_03_3-scaled.jpg 1920w, https:\/\/paroisses-catholiques-ssf.com\/wp-content\/uploads\/2026\/03\/familles_26_03_3-225x300.jpg 225w, https:\/\/paroisses-catholiques-ssf.com\/wp-content\/uploads\/2026\/03\/familles_26_03_3-768x1024.jpg 768w, https:\/\/paroisses-catholiques-ssf.com\/wp-content\/uploads\/2026\/03\/familles_26_03_3-1152x1536.jpg 1152w, https:\/\/paroisses-catholiques-ssf.com\/wp-content\/uploads\/2026\/03\/familles_26_03_3-1536x2048.jpg 1536w\" sizes=\"auto, (max-width: 1920px) 100vw, 1920px\" \/><\/figure>\n<\/div><\/div>\n\n\n\n<div class=\"wp-block-column is-vertically-aligned-center is-layout-flow wp-block-column-is-layout-flow\">\n<h2 class=\"wp-block-heading has-text-align-center\"><strong>Messe des familles<\/strong><\/h2>\n\n\n\n<p class=\"has-text-align-center\">Dimanche 8 mars 2026<\/p>\n\n\n\n<div class=\"wp-block-buttons is-content-justification-center is-layout-flex wp-container-core-buttons-is-layout-16018d1d wp-block-buttons-is-layout-flex\">\n<div class=\"wp-block-button\"><a class=\"wp-block-button__link has-white-color has-text-color has-link-color wp-element-button\" href=\"https:\/\/paroisses-catholiques-ssf.com\/index.php\/2026\/03\/08\/messe-des-familles\/\">Lire la suite !<\/a><\/div>\n<\/div>\n<\/div>\n<\/div>\n\n\n\n<div class=\"wp-block-columns actu__2col is-layout-flex wp-container-core-columns-is-layout-9d6595d7 wp-block-columns-is-layout-flex\">\n<div class=\"wp-block-column is-layout-flow wp-block-column-is-layout-flow\"><div class=\"wp-block-image\">\n<figure class=\"aligncenter size-full is-resized\"><img loading=\"lazy\" decoding=\"async\" width=\"234\" height=\"300\" src=\"https:\/\/paroisses-catholiques-ssf.com\/wp-content\/uploads\/2026\/02\/Nigeria2026-AfficheFinale-234x300-1.jpg\" alt=\"\" class=\"wp-image-3187\" style=\"aspect-ratio:0.7800121876904327;width:320px;height:auto\"\/><\/figure>\n<\/div><\/div>\n\n\n\n<div class=\"wp-block-column is-vertically-aligned-center is-layout-flow wp-block-column-is-layout-flow\">\n<div class=\"wp-block-buttons is-content-justification-center is-layout-flex wp-container-core-buttons-is-layout-16018d1d wp-block-buttons-is-layout-flex\">\n<div class=\"wp-block-button\"><a class=\"wp-block-button__link wp-element-button\" href=\"https:\/\/paroisses-catholiques-ssf.com\/index.php\/2026\/02\/19\/journee-mondiale-de-prieres-des-femmes-2026\/\">Lire la suite<\/a><\/div>\n<\/div>\n<\/div>\n<\/div>\n\n\n\n<div class=\"wp-block-columns actu__2col is-layout-flex wp-container-core-columns-is-layout-9d6595d7 wp-block-columns-is-layout-flex\">\n<div class=\"wp-block-column is-layout-flow wp-block-column-is-layout-flow\"><div class=\"wp-block-image is-style-default\">\n<figure class=\"aligncenter size-full is-resized\"><img loading=\"lazy\" decoding=\"async\" width=\"1920\" height=\"2560\" src=\"https:\/\/paroisses-catholiques-ssf.com\/wp-content\/uploads\/2025\/12\/allumage-1-bougie-scaled.jpg\" alt=\"\" class=\"wp-image-2956\" style=\"aspect-ratio:0.7500107513009074;width:373px;height:auto\" srcset=\"https:\/\/paroisses-catholiques-ssf.com\/wp-content\/uploads\/2025\/12\/allumage-1-bougie-scaled.jpg 1920w, https:\/\/paroisses-catholiques-ssf.com\/wp-content\/uploads\/2025\/12\/allumage-1-bougie-225x300.jpg 225w, https:\/\/paroisses-catholiques-ssf.com\/wp-content\/uploads\/2025\/12\/allumage-1-bougie-768x1024.jpg 768w, https:\/\/paroisses-catholiques-ssf.com\/wp-content\/uploads\/2025\/12\/allumage-1-bougie-1152x1536.jpg 1152w, https:\/\/paroisses-catholiques-ssf.com\/wp-content\/uploads\/2025\/12\/allumage-1-bougie-1536x2048.jpg 1536w\" sizes=\"auto, (max-width: 1920px) 100vw, 1920px\" \/><\/figure>\n<\/div><\/div>\n\n\n\n<div class=\"wp-block-column is-vertically-aligned-center is-layout-flow wp-block-column-is-layout-flow\">\n<h2 class=\"wp-block-heading has-text-align-center\"><strong>Messe des familles 2025<\/strong><\/h2>\n\n\n\n<p class=\"has-text-align-center\"><br><\/p>\n\n\n\n<div class=\"wp-block-buttons is-content-justification-center is-layout-flex wp-container-core-buttons-is-layout-16018d1d wp-block-buttons-is-layout-flex\">\n<div class=\"wp-block-button\"><a class=\"wp-block-button__link has-white-color has-text-color has-link-color wp-element-button\">Lire la suite !<\/a><\/div>\n<\/div>\n<\/div>\n<\/div>\n\n\n\n<div class=\"wp-block-columns is-layout-flex wp-container-core-columns-is-layout-9d6595d7 wp-block-columns-is-layout-flex\">\n<div class=\"wp-block-column is-layout-flow wp-block-column-is-layout-flow\"><div class=\"wp-block-image\">\n<figure class=\"aligncenter size-large is-resized\"><img loading=\"lazy\" decoding=\"async\" width=\"1024\" height=\"432\" src=\"https:\/\/paroisses-catholiques-ssf.com\/wp-content\/uploads\/2025\/12\/messe_place-Saint-Pierre-1024x432.jpg\" alt=\"\" class=\"wp-image-3094\" style=\"aspect-ratio:2.3704760206810485;width:391px;height:auto\" srcset=\"https:\/\/paroisses-catholiques-ssf.com\/wp-content\/uploads\/2025\/12\/messe_place-Saint-Pierre-1024x432.jpg 1024w, https:\/\/paroisses-catholiques-ssf.com\/wp-content\/uploads\/2025\/12\/messe_place-Saint-Pierre-300x127.jpg 300w, https:\/\/paroisses-catholiques-ssf.com\/wp-content\/uploads\/2025\/12\/messe_place-Saint-Pierre-768x324.jpg 768w, https:\/\/paroisses-catholiques-ssf.com\/wp-content\/uploads\/2025\/12\/messe_place-Saint-Pierre-1536x648.jpg 1536w, https:\/\/paroisses-catholiques-ssf.com\/wp-content\/uploads\/2025\/12\/messe_place-Saint-Pierre-2048x864.jpg 2048w\" sizes=\"auto, (max-width: 1024px) 100vw, 1024px\" \/><\/figure>\n<\/div><\/div>\n\n\n\n<div class=\"wp-block-column is-vertically-aligned-center is-layout-flow wp-block-column-is-layout-flow\">\n<h2 class=\"wp-block-heading has-text-align-center\">Jubil\u00e9 des chorales \u00e0 Rome<\/h2>\n\n\n\n<div class=\"wp-block-buttons is-content-justification-center is-layout-flex wp-container-core-buttons-is-layout-16018d1d wp-block-buttons-is-layout-flex\">\n<div class=\"wp-block-button\"><a class=\"wp-block-button__link wp-element-button\" href=\"https:\/\/paroisses-catholiques-ssf.com\/index.php\/2025\/12\/16\/jubile-des-chorales-a-rome\/\" target=\"_blank\" rel=\"noreferrer noopener\">Lire la suite<\/a><\/div>\n<\/div>\n<\/div>\n<\/div>\n\n\n\n<div class=\"wp-block-columns actu__2col is-layout-flex wp-container-core-columns-is-layout-9d6595d7 wp-block-columns-is-layout-flex\">\n<div class=\"wp-block-column is-layout-flow wp-block-column-is-layout-flow\"><div class=\"wp-block-image is-style-default\">\n<figure class=\"aligncenter size-full is-resized\"><img loading=\"lazy\" decoding=\"async\" width=\"759\" height=\"379\" src=\"https:\/\/paroisses-catholiques-ssf.com\/wp-content\/uploads\/2025\/12\/concile_de_nicee_1700_ans.jpg\" alt=\"\" class=\"wp-image-3048\" style=\"object-fit:cover;width:400px;height:350px\" srcset=\"https:\/\/paroisses-catholiques-ssf.com\/wp-content\/uploads\/2025\/12\/concile_de_nicee_1700_ans.jpg 759w, https:\/\/paroisses-catholiques-ssf.com\/wp-content\/uploads\/2025\/12\/concile_de_nicee_1700_ans-300x150.jpg 300w\" sizes=\"auto, (max-width: 759px) 100vw, 759px\" \/><\/figure>\n<\/div><\/div>\n\n\n\n<div class=\"wp-block-column is-vertically-aligned-center is-layout-flow wp-block-column-is-layout-flow\">\n<h2 class=\"wp-block-heading has-text-align-center\"><strong>Concile de Nic\u00e9e &#8211; Il y a 1700 ans<\/strong><\/h2>\n\n\n\n<p class=\"has-text-align-center\"><br><\/p>\n\n\n\n<div class=\"wp-block-buttons is-content-justification-center is-layout-flex wp-container-core-buttons-is-layout-16018d1d wp-block-buttons-is-layout-flex\">\n<div class=\"wp-block-button\"><a class=\"wp-block-button__link has-white-color has-text-color has-link-color wp-element-button\" href=\"https:\/\/paroisses-catholiques-ssf.com\/index.php\/2025\/12\/08\/il-y-a-1700-ans-le-concile-de-nicee\/\" target=\"_blank\" rel=\"noreferrer noopener\">Lire la suite !<\/a><\/div>\n<\/div>\n<\/div>\n<\/div>\n\n\n\n<div class=\"wp-block-columns actu__2col is-layout-flex wp-container-core-columns-is-layout-9d6595d7 wp-block-columns-is-layout-flex\">\n<div class=\"wp-block-column is-layout-flow wp-block-column-is-layout-flow\"><div class=\"wp-block-image is-style-default\">\n<figure class=\"aligncenter size-full is-resized\"><img loading=\"lazy\" decoding=\"async\" width=\"332\" height=\"498\" src=\"https:\/\/paroisses-catholiques-ssf.com\/wp-content\/uploads\/2025\/10\/veuvage.jpg\" alt=\"\" class=\"wp-image-2864\" style=\"object-fit:cover;width:400px;height:350px\" srcset=\"https:\/\/paroisses-catholiques-ssf.com\/wp-content\/uploads\/2025\/10\/veuvage.jpg 332w, https:\/\/paroisses-catholiques-ssf.com\/wp-content\/uploads\/2025\/10\/veuvage-200x300.jpg 200w\" sizes=\"auto, (max-width: 332px) 100vw, 332px\" \/><\/figure>\n<\/div><\/div>\n\n\n\n<div class=\"wp-block-column is-vertically-aligned-center is-layout-flow wp-block-column-is-layout-flow\">\n<h2 class=\"wp-block-heading has-text-align-center\"><strong><strong>Le veuvage :&nbsp; un autre chemin de vie<\/strong><\/strong><\/h2>\n\n\n\n<p class=\"has-text-align-center\">Les samedis :<\/p>\n\n\n\n<div class=\"wp-block-group\"><div class=\"wp-block-group__inner-container is-layout-constrained wp-block-group-is-layout-constrained\">\n<p class=\"has-text-align-center\"><strong>11 avril 2026<\/strong><\/p>\n\n\n\n<p class=\"has-text-align-center\">13 juin 2026<\/p>\n\n\n\n<div class=\"wp-block-buttons is-content-justification-center is-layout-flex wp-container-core-buttons-is-layout-16018d1d wp-block-buttons-is-layout-flex\">\n<div class=\"wp-block-button\"><a class=\"wp-block-button__link has-white-color has-text-color has-link-color wp-element-button\" href=\"https:\/\/paroisses-catholiques-ssf.com\/index.php\/2025\/10\/06\/le-veuvage-un-autre-chemin-de-vie\/\" target=\"_blank\" rel=\"noreferrer noopener\">Lire la suite !<\/a><\/div>\n<\/div>\n<\/div><\/div>\n<\/div>\n<\/div>\n\n\n\n<div class=\"wp-block-columns actu__2col is-layout-flex wp-container-core-columns-is-layout-9d6595d7 wp-block-columns-is-layout-flex\">\n<div class=\"wp-block-column is-layout-flow wp-block-column-is-layout-flow\"><div class=\"wp-block-image is-style-default\">\n<figure class=\"aligncenter size-full is-resized\"><img loading=\"lazy\" decoding=\"async\" width=\"2560\" height=\"2531\" src=\"https:\/\/paroisses-catholiques-ssf.com\/wp-content\/uploads\/2025\/09\/IMG_20250921_1040238_benediction-des-cartables-scaled.jpg\" alt=\"\" class=\"wp-image-2822\" style=\"object-fit:cover;width:400px;height:350px\" srcset=\"https:\/\/paroisses-catholiques-ssf.com\/wp-content\/uploads\/2025\/09\/IMG_20250921_1040238_benediction-des-cartables-scaled.jpg 2560w, https:\/\/paroisses-catholiques-ssf.com\/wp-content\/uploads\/2025\/09\/IMG_20250921_1040238_benediction-des-cartables-300x297.jpg 300w, https:\/\/paroisses-catholiques-ssf.com\/wp-content\/uploads\/2025\/09\/IMG_20250921_1040238_benediction-des-cartables-1024x1012.jpg 1024w, https:\/\/paroisses-catholiques-ssf.com\/wp-content\/uploads\/2025\/09\/IMG_20250921_1040238_benediction-des-cartables-768x759.jpg 768w, https:\/\/paroisses-catholiques-ssf.com\/wp-content\/uploads\/2025\/09\/IMG_20250921_1040238_benediction-des-cartables-1536x1519.jpg 1536w, https:\/\/paroisses-catholiques-ssf.com\/wp-content\/uploads\/2025\/09\/IMG_20250921_1040238_benediction-des-cartables-2048x2025.jpg 2048w\" sizes=\"auto, (max-width: 2560px) 100vw, 2560px\" \/><\/figure>\n<\/div><\/div>\n\n\n\n<div class=\"wp-block-column is-vertically-aligned-center is-layout-flow wp-block-column-is-layout-flow\">\n<h2 class=\"wp-block-heading has-text-align-center\">Messe de rentr\u00e9e<\/h2>\n\n\n\n<p class=\"has-text-align-center\">21 Septembre 2025<\/p>\n\n\n\n<div class=\"wp-block-buttons is-content-justification-center is-layout-flex wp-container-core-buttons-is-layout-16018d1d wp-block-buttons-is-layout-flex\">\n<div class=\"wp-block-button\"><a class=\"wp-block-button__link has-white-color has-text-color has-link-color wp-element-button\" href=\"https:\/\/paroisses-catholiques-ssf.com\/index.php\/2025\/09\/24\/messe-de-rentree-2\/\" target=\"_blank\" rel=\"noreferrer noopener\">Lire la suite !<\/a><\/div>\n<\/div>\n<\/div>\n<\/div>\n\n\n\n<div class=\"wp-block-columns actu__2col is-layout-flex wp-container-core-columns-is-layout-9d6595d7 wp-block-columns-is-layout-flex\">\n<div class=\"wp-block-column is-layout-flow wp-block-column-is-layout-flow\"><div class=\"wp-block-image is-style-default\">\n<figure class=\"aligncenter size-full is-resized\"><img loading=\"lazy\" decoding=\"async\" width=\"1908\" height=\"2560\" src=\"https:\/\/paroisses-catholiques-ssf.com\/wp-content\/uploads\/2025\/06\/NDame_Thierenbach-scaled.jpg\" alt=\"\" class=\"wp-image-2569\" style=\"object-fit:cover;width:400px;height:350px\" srcset=\"https:\/\/paroisses-catholiques-ssf.com\/wp-content\/uploads\/2025\/06\/NDame_Thierenbach-scaled.jpg 1908w, https:\/\/paroisses-catholiques-ssf.com\/wp-content\/uploads\/2025\/06\/NDame_Thierenbach-224x300.jpg 224w, https:\/\/paroisses-catholiques-ssf.com\/wp-content\/uploads\/2025\/06\/NDame_Thierenbach-763x1024.jpg 763w, https:\/\/paroisses-catholiques-ssf.com\/wp-content\/uploads\/2025\/06\/NDame_Thierenbach-768x1030.jpg 768w, https:\/\/paroisses-catholiques-ssf.com\/wp-content\/uploads\/2025\/06\/NDame_Thierenbach-1145x1536.jpg 1145w, https:\/\/paroisses-catholiques-ssf.com\/wp-content\/uploads\/2025\/06\/NDame_Thierenbach-1526x2048.jpg 1526w\" sizes=\"auto, (max-width: 1908px) 100vw, 1908px\" \/><\/figure>\n<\/div><\/div>\n\n\n\n<div class=\"wp-block-column is-vertically-aligned-center is-layout-flow wp-block-column-is-layout-flow\">\n<h2 class=\"wp-block-heading has-text-align-center\"><strong>PELERINAGE NOTRE DAME DE THIERENBACH 2025<\/strong><\/h2>\n\n\n\n<p class=\"has-text-align-center\"><\/p>\n\n\n\n<div class=\"wp-block-buttons is-content-justification-center is-layout-flex wp-container-core-buttons-is-layout-16018d1d wp-block-buttons-is-layout-flex\">\n<div class=\"wp-block-button\"><a class=\"wp-block-button__link has-white-color has-text-color has-link-color wp-element-button\" href=\"https:\/\/paroisses-catholiques-ssf.com\/index.php\/2025\/03\/28\/la-journee-mondiale-de-priere-2025\/\" target=\"_blank\" rel=\"noreferrer noopener\">Lire la suite !<\/a><\/div>\n<\/div>\n<\/div>\n<\/div>\n\n\n\n<div class=\"wp-block-group alignfull footer-css has-white-color has-black-background-color has-text-color has-background has-link-color wp-elements-5f28f777e541df9b29e2319970a39897 is-vertical is-content-justification-stretch is-layout-flex wp-container-core-group-is-layout-47eb2bc5 wp-block-group-is-layout-flex\" style=\"min-height:40vh;margin-top:0;margin-bottom:0;padding-top:var(--wp--preset--spacing--60);padding-right:var(--wp--preset--spacing--40);padding-bottom:var(--wp--preset--spacing--60);padding-left:var(--wp--preset--spacing--40)\">\n<div class=\"wp-block-columns alignwide has-small-font-size is-layout-flex wp-container-core-columns-is-layout-9d6595d7 wp-block-columns-is-layout-flex\">\n<div class=\"wp-block-column is-vertically-aligned-center is-layout-flow wp-block-column-is-layout-flow\">\n<p class=\"has-text-align-center\">Presbyt\u00e8re Catholique de Soultz-sous-For\u00eats<\/p>\n\n\n\n<p class=\"has-text-align-center\">2 rue des Ecoles<br>67250 SOULTZ-SOUS-FOR\u00caTS<br>03 88 80 41 55 (sauf le lundi)&nbsp;<\/p>\n\n\n\n<p class=\"has-text-align-center\">paroisse.ssf@wanadoo.fr<\/p>\n\n\n\n<p class=\"has-text-align-center\"><a href=\"https:\/\/www.facebook.com\/profile.php?id=61552085885690\" target=\"_blank\" rel=\"noreferrer noopener\">Doyenn\u00e9 Soultz-sous-For\u00eats<\/a><\/p>\n\n\n\n<p class=\"has-text-align-center\">Permanences : Jeudi de 10h00 \u00e0 12h00 et Samedi de 10h00 \u00e0 12h00&nbsp;<\/p>\n\n\n\n<p class=\"has-text-align-center\">P\u00e8re F\u00e9lix Zannou HOUESSOU \u2013 06 14 38 65 52 (en cas d\u2019urgence)&nbsp;<\/p>\n\n\n\n<p class=\"has-text-align-center\">P\u00e8re Simon Knaebel &nbsp;03 88 79 11 85<\/p>\n\n\n\n<p class=\"has-text-align-center\">Coop\u00e9ratrice de la pastorale des enfants Virginie Dorffer &nbsp;\u2013 06 19 68 06 83<\/p>\n\n\n\n<p class=\"has-text-align-center\">Coop\u00e9ratrice de la pastorale des adolescents et des jeunes Christelle Loury &nbsp;\u2013 06 86 27 36 91<\/p>\n\n\n\n<div style=\"height:24px\" aria-hidden=\"true\" class=\"wp-block-spacer\"><\/div>\n<\/div>\n\n\n\n<div class=\"wp-block-column is-layout-flow wp-block-column-is-layout-flow\">\n<p class=\"has-text-align-center\"><\/p>\n\n\n<p><iframe src=\"https:\/\/www.google.com\/maps\/embed?pb=!1m18!1m12!1m3!1d2620.800066723692!2d7.879993676792334!3d48.93824979508288!2m3!1f0!2f0!3f0!3m2!1i1024!2i768!4f13.1!3m3!1m2!1s0x4796f274b1cc3ebd%3A0x5c8a5f31a04db652!2s2%20Rue%20des%20%C3%89coles%2C%2067250%20Soultz-sous-For%C3%AAts!5e0!3m2!1sfr!2sfr!4v1698792111402!5m2!1sfr!2sfr\" width=\"600\" height=\"450\" style=\"border:0;\" allowfullscreen=\"\" loading=\"lazy\" referrerpolicy=\"no-referrer-when-downgrade\"><\/iframe><\/p>\n\n\n\n<div style=\"height:24px\" aria-hidden=\"true\" class=\"wp-block-spacer\"><\/div>\n<\/div>\n<\/div>\n<\/div>\n\n\n\n<div class=\"wp-block-columns is-layout-flex wp-container-core-columns-is-layout-9d6595d7 wp-block-columns-is-layout-flex\">\n<div class=\"wp-block-column footer__copyright is-layout-flow wp-block-column-is-layout-flow\">\n<p class=\"coopyright\">\u00a92023Communaut\u00e9 de paroisses catholiques de Soultz-sous-For\u00eats &#8211; r\u00e9alis\u00e9 par Samtmann Guillaume <\/p>\n<\/div>\n<\/div>\n","protected":false},"excerpt":{"rendered":"<p>Nos actualit\u00e9s Messe des familles Dimanche 8 mars 2026 Messe des familles 2025 Jubil\u00e9 des chorales \u00e0 Rome Concile de Nic\u00e9e &#8211; Il y a 1700 ans Le veuvage :&nbsp; un autre chemin de vie Les samedis : 11 avril 2026 13 juin 2026 Messe de rentr\u00e9e 21 Septembre 2025 PELERINAGE NOTRE DAME DE THIERENBACH [&hellip;]<\/p>\n","protected":false},"author":1,"featured_media":2569,"parent":0,"menu_order":0,"comment_status":"closed","ping_status":"closed","template":"page-template\/custom-home-page.php","meta":{"_mc_calendar":[],"footnotes":""},"class_list":["post-537","page","type-page","status-publish","has-post-thumbnail","hentry"],"_links":{"self":[{"href":"https:\/\/paroisses-catholiques-ssf.com\/index.php\/wp-json\/wp\/v2\/pages\/537","targetHints":{"allow":["GET"]}}],"collection":[{"href":"https:\/\/paroisses-catholiques-ssf.com\/index.php\/wp-json\/wp\/v2\/pages"}],"about":[{"href":"https:\/\/paroisses-catholiques-ssf.com\/index.php\/wp-json\/wp\/v2\/types\/page"}],"author":[{"embeddable":true,"href":"https:\/\/paroisses-catholiques-ssf.com\/index.php\/wp-json\/wp\/v2\/users\/1"}],"replies":[{"embeddable":true,"href":"https:\/\/paroisses-catholiques-ssf.com\/index.php\/wp-json\/wp\/v2\/comments?post=537"}],"version-history":[{"count":170,"href":"https:\/\/paroisses-catholiques-ssf.com\/index.php\/wp-json\/wp\/v2\/pages\/537\/revisions"}],"predecessor-version":[{"id":3315,"href":"https:\/\/paroisses-catholiques-ssf.com\/index.php\/wp-json\/wp\/v2\/pages\/537\/revisions\/3315"}],"wp:featuredmedia":[{"embeddable":true,"href":"https:\/\/paroisses-catholiques-ssf.com\/index.php\/wp-json\/wp\/v2\/media\/2569"}],"wp:attachment":[{"href":"https:\/\/paroisses-catholiques-ssf.com\/index.php\/wp-json\/wp\/v2\/media?parent=537"}],"curies":[{"name":"wp","href":"https:\/\/api.w.org\/{rel}","templated":true}]}}